{"id":180,"date":"2019-07-10T14:02:01","date_gmt":"2019-07-10T12:02:01","guid":{"rendered":"https:\/\/dev.adrienpignet.com\/sos_sophro\/?page_id=180"},"modified":"2021-10-07T15:58:40","modified_gmt":"2021-10-07T13:58:40","slug":"mon-approche","status":"publish","type":"page","link":"https:\/\/dev.adrienpignet.com\/sos_sophro\/mon-approche\/","title":{"rendered":"Mon approche"},"content":{"rendered":"[vc_row type=\u00a0\u00bbin_container\u00a0\u00bb full_screen_row_position=\u00a0\u00bbmiddle\u00a0\u00bb column_margin=\u00a0\u00bbdefault\u00a0\u00bb column_direction=\u00a0\u00bbdefault\u00a0\u00bb column_direction_tablet=\u00a0\u00bbdefault\u00a0\u00bb column_direction_phone=\u00a0\u00bbdefault\u00a0\u00bb scene_position=\u00a0\u00bbcenter\u00a0\u00bb text_color=\u00a0\u00bbdark\u00a0\u00bb text_align=\u00a0\u00bbleft\u00a0\u00bb row_border_radius=\u00a0\u00bbnone\u00a0\u00bb row_border_radius_applies=\u00a0\u00bbbg\u00a0\u00bb overlay_strength=\u00a0\u00bb0.3&Prime; gradient_direction=\u00a0\u00bbleft_to_right\u00a0\u00bb shape_divider_position=\u00a0\u00bbbottom\u00a0\u00bb bg_image_animation=\u00a0\u00bbnone\u00a0\u00bb][vc_column column_padding=\u00a0\u00bbpadding-5-percent\u00a0\u00bb column_padding_tablet=\u00a0\u00bbinherit\u00a0\u00bb column_padding_phone=\u00a0\u00bbinherit\u00a0\u00bb column_padding_position=\u00a0\u00bball\u00a0\u00bb background_color=\u00a0\u00bb#ffffff\u00a0\u00bb background_color_opacity=\u00a0\u00bb1&Prime; background_hover_color_opacity=\u00a0\u00bb1&Prime; column_shadow=\u00a0\u00bbnone\u00a0\u00bb column_border_radius=\u00a0\u00bbnone\u00a0\u00bb column_link_target=\u00a0\u00bb_self\u00a0\u00bb gradient_direction=\u00a0\u00bbleft_to_right\u00a0\u00bb overlay_strength=\u00a0\u00bb0.3&Prime; width=\u00a0\u00bb1\/1&Prime; tablet_width_inherit=\u00a0\u00bbdefault\u00a0\u00bb tablet_text_alignment=\u00a0\u00bbdefault\u00a0\u00bb phone_text_alignment=\u00a0\u00bbdefault\u00a0\u00bb column_border_width=\u00a0\u00bbnone\u00a0\u00bb column_border_style=\u00a0\u00bbsolid\u00a0\u00bb bg_image_animation=\u00a0\u00bbnone\u00a0\u00bb][vc_column_text]\n<h2 class=\"p1\"><span class=\"s1\"><i>Confiance<\/i><\/span><\/h2>\n<p class=\"p1\"><span class=\"s1\">Un travail efficace en sophrologie n\u00e9cessite une relation de confiance, entre le sophrologue et son client.<\/span><\/p>\n<p class=\"p1\"><span class=\"s1\">Un premier contact t\u00e9l\u00e9phonique me permet de vous dire si je peux vous aider&#8230;. ou pas.<\/span><\/p>\n<p class=\"p1\"><span class=\"s1\">Ce premier contact vous permet aussi de d\u00e9cider<span class=\"Apple-converted-space\">\u00a0 <\/span>si je suis, &#8230;. ou pas, la bonne personne pour vous.<\/span><\/p>\n<p class=\"p1\"><span class=\"s1\">Si je ne suis pas en mesure de r\u00e9pondre \u00e0 votre demande, si vous le souhaitez, je vous communiquerai les coordonn\u00e9es de sophrologues de confiance que j\u2019estime mieux \u00e0 m\u00eame de vous accompagner.<\/span><\/p>\n[\/vc_column_text][vc_column_text]\n<h2 class=\"p1\"><span class=\"s1\"><i>Engagement r\u00e9ciproque<\/i><\/span><\/h2>\n<p class=\"p1\"><span class=\"s1\">La sophrologie est une m\u00e9thode efficace qui peut donner de tr\u00e8s bons r\u00e9sultats en peu de temps, mais cela demande que vous vous entra\u00eeniez r\u00e9guli\u00e8rement, quelques minutes par jour :<\/span><\/p>\n<h3 class=\"p1\" style=\"text-align: center;\"><strong><span class=\"s1\">peu mais souvent!<\/span><\/strong><\/h3>\n<p>&nbsp;<\/p>\n<p class=\"p1\"><span class=\"s1\">Mon travail ce n\u2019est pas<span class=\"Apple-converted-space\">\u00a0 <\/span>seulement de vous accueillir et de vous guider pendant les s\u00e9ances de sophrologie. C\u2019est aussi de vous aider \u00e0 atteindre vos objectifs en facilitant votre<span class=\"Apple-converted-space\">\u00a0 <\/span>entra\u00eenement r\u00e9gulier&#8230; tout en douceur.<\/span><\/p>\n<p class=\"p1\"><span class=\"s1\">Je con\u00e7ois pour chacun de mes clients, un programme adapt\u00e9 et je fournis les outils n\u00e9cessaires ( enregistrements, supports \u00e9crits, outils de suivi&#8230;).<\/span><\/p>\n<p class=\"p1\"><span class=\"s1\">Votre entra\u00eenement est facile, ne prend que quelques minutes par jour et est int\u00e9gr\u00e9 \u00e0 votre vie quotidienne. <\/span><\/p>\n<p class=\"p1\"><span class=\"s1\">Tr\u00e8s concr\u00e8tement, on peut pratiquer la sophrologie dans le m\u00e9tro, sous la douche ou en marchant dans la rue. On a donc toujours le temps ! \u00c0 moi de vous en convaincre et de vous faciliter le travail&#8230;<\/span><\/p>\n[\/vc_column_text][\/vc_column][\/vc_row]\n","protected":false},"excerpt":{"rendered":"<p>[vc_row type=\u00a0\u00bbin_container\u00a0\u00bb full_screen_row_position=\u00a0\u00bbmiddle\u00a0\u00bb column_margin=\u00a0\u00bbdefault\u00a0\u00bb column_direction=\u00a0\u00bbdefault\u00a0\u00bb column_direction_tablet=\u00a0\u00bbdefault\u00a0\u00bb column_direction_phone=\u00a0\u00bbdefault\u00a0\u00bb scene_position=\u00a0\u00bbcenter\u00a0\u00bb text_color=\u00a0\u00bbdark\u00a0\u00bb text_align=\u00a0\u00bbleft\u00a0\u00bb row_border_radius=\u00a0\u00bbnone\u00a0\u00bb row_border_radius_applies=\u00a0\u00bbbg\u00a0\u00bb overlay_strength=\u00a0\u00bb0.3&Prime; gradient_direction=\u00a0\u00bbleft_to_right\u00a0\u00bb shape_divider_position=\u00a0\u00bbbottom\u00a0\u00bb bg_image_animation=\u00a0\u00bbnone\u00a0\u00bb][vc_column column_padding=\u00a0\u00bbpadding-5-percent\u00a0\u00bb column_padding_tablet=\u00a0\u00bbinherit\u00a0\u00bb column_padding_phone=\u00a0\u00bbinherit\u00a0\u00bb column_padding_position=\u00a0\u00bball\u00a0\u00bb background_color=\u00a0\u00bb#ffffff\u00a0\u00bb background_color_opacity=\u00a0\u00bb1&Prime; background_hover_color_opacity=\u00a0\u00bb1&Prime; column_shadow=\u00a0\u00bbnone\u00a0\u00bb column_border_radius=\u00a0\u00bbnone\u00a0\u00bb column_link_target=\u00a0\u00bb_self\u00a0\u00bb gradient_direction=\u00a0\u00bbleft_to_right\u00a0\u00bb overlay_strength=\u00a0\u00bb0.3&Prime; width=\u00a0\u00bb1\/1&Prime; tablet_width_inherit=\u00a0\u00bbdefault\u00a0\u00bb&#8230;<\/p>\n","protected":false},"author":1,"featured_media":0,"parent":0,"menu_order":0,"comment_status":"closed","ping_status":"closed","template":"page-sidebar.php","meta":{"footnotes":""},"class_list":["post-180","page","type-page","status-publish"],"_links":{"self":[{"href":"https:\/\/dev.adrienpignet.com\/sos_sophro\/wp-json\/wp\/v2\/pages\/180","targetHints":{"allow":["GET"]}}],"collection":[{"href":"https:\/\/dev.adrienpignet.com\/sos_sophro\/wp-json\/wp\/v2\/pages"}],"about":[{"href":"https:\/\/dev.adrienpignet.com\/sos_sophro\/wp-json\/wp\/v2\/types\/page"}],"author":[{"embeddable":true,"href":"https:\/\/dev.adrienpignet.com\/sos_sophro\/wp-json\/wp\/v2\/users\/1"}],"replies":[{"embeddable":true,"href":"https:\/\/dev.adrienpignet.com\/sos_sophro\/wp-json\/wp\/v2\/comments?post=180"}],"version-history":[{"count":13,"href":"https:\/\/dev.adrienpignet.com\/sos_sophro\/wp-json\/wp\/v2\/pages\/180\/revisions"}],"predecessor-version":[{"id":1213,"href":"https:\/\/dev.adrienpignet.com\/sos_sophro\/wp-json\/wp\/v2\/pages\/180\/revisions\/1213"}],"wp:attachment":[{"href":"https:\/\/dev.adrienpignet.com\/sos_sophro\/wp-json\/wp\/v2\/media?parent=180"}],"curies":[{"name":"wp","href":"https:\/\/api.w.org\/{rel}","templated":true}]}}