{"id":170,"date":"2019-07-10T13:44:47","date_gmt":"2019-07-10T11:44:47","guid":{"rendered":"https:\/\/dev.adrienpignet.com\/sos_sophro\/?page_id=170"},"modified":"2025-01-29T08:40:53","modified_gmt":"2025-01-29T07:40:53","slug":"faisons-connaisance","status":"publish","type":"page","link":"https:\/\/dev.adrienpignet.com\/sos_sophro\/faisons-connaisance\/","title":{"rendered":"Faisons connaissance"},"content":{"rendered":"[vc_row type=\u00a0\u00bbin_container\u00a0\u00bb full_screen_row_position=\u00a0\u00bbmiddle\u00a0\u00bb column_margin=\u00a0\u00bbdefault\u00a0\u00bb column_direction=\u00a0\u00bbdefault\u00a0\u00bb column_direction_tablet=\u00a0\u00bbdefault\u00a0\u00bb column_direction_phone=\u00a0\u00bbdefault\u00a0\u00bb bg_color=\u00a0\u00bb#ffffff\u00a0\u00bb scene_position=\u00a0\u00bbcenter\u00a0\u00bb text_color=\u00a0\u00bbdark\u00a0\u00bb text_align=\u00a0\u00bbleft\u00a0\u00bb row_border_radius=\u00a0\u00bbnone\u00a0\u00bb row_border_radius_applies=\u00a0\u00bbbg\u00a0\u00bb overflow=\u00a0\u00bbvisible\u00a0\u00bb overlay_strength=\u00a0\u00bb0.3&Prime; gradient_direction=\u00a0\u00bbleft_to_right\u00a0\u00bb shape_divider_position=\u00a0\u00bbbottom\u00a0\u00bb bg_image_animation=\u00a0\u00bbnone\u00a0\u00bb shape_type=\u00a0\u00bb\u00a0\u00bb][vc_column column_padding=\u00a0\u00bbpadding-3-percent\u00a0\u00bb column_padding_tablet=\u00a0\u00bbinherit\u00a0\u00bb column_padding_phone=\u00a0\u00bbinherit\u00a0\u00bb column_padding_position=\u00a0\u00bball\u00a0\u00bb column_element_direction_desktop=\u00a0\u00bbdefault\u00a0\u00bb column_element_spacing=\u00a0\u00bbdefault\u00a0\u00bb centered_text=\u00a0\u00bbtrue\u00a0\u00bb desktop_text_alignment=\u00a0\u00bbdefault\u00a0\u00bb tablet_text_alignment=\u00a0\u00bbdefault\u00a0\u00bb phone_text_alignment=\u00a0\u00bbdefault\u00a0\u00bb background_color_opacity=\u00a0\u00bb1&Prime; background_hover_color_opacity=\u00a0\u00bb1&Prime; column_backdrop_filter=\u00a0\u00bbnone\u00a0\u00bb column_shadow=\u00a0\u00bbnone\u00a0\u00bb column_border_radius=\u00a0\u00bbnone\u00a0\u00bb column_link_target=\u00a0\u00bb_self\u00a0\u00bb column_position=\u00a0\u00bbdefault\u00a0\u00bb gradient_direction=\u00a0\u00bbleft_to_right\u00a0\u00bb overlay_strength=\u00a0\u00bb0.3&Prime; width=\u00a0\u00bb1\/3&Prime; tablet_width_inherit=\u00a0\u00bbdefault\u00a0\u00bb animation_type=\u00a0\u00bbdefault\u00a0\u00bb bg_image_animation=\u00a0\u00bbnone\u00a0\u00bb border_type=\u00a0\u00bbsimple\u00a0\u00bb column_border_width=\u00a0\u00bbnone\u00a0\u00bb column_border_style=\u00a0\u00bbsolid\u00a0\u00bb][team_member image_url=\u00a0\u00bb1266&Prime; team_memeber_style=\u00a0\u00bbmeta_below\u00a0\u00bb link_element=\u00a0\u00bbnone\u00a0\u00bb color=\u00a0\u00bbAccent-Color\u00a0\u00bb name=\u00a0\u00bbChristine Pignet\u00a0\u00bb job_position=\u00a0\u00bbSophrologue\u00a0\u00bb][\/team_member][\/vc_column][vc_column column_padding=\u00a0\u00bbpadding-3-percent\u00a0\u00bb column_padding_tablet=\u00a0\u00bbinherit\u00a0\u00bb column_padding_phone=\u00a0\u00bbinherit\u00a0\u00bb column_padding_position=\u00a0\u00bball\u00a0\u00bb column_element_direction_desktop=\u00a0\u00bbdefault\u00a0\u00bb column_element_spacing=\u00a0\u00bbdefault\u00a0\u00bb desktop_text_alignment=\u00a0\u00bbdefault\u00a0\u00bb tablet_text_alignment=\u00a0\u00bbdefault\u00a0\u00bb phone_text_alignment=\u00a0\u00bbdefault\u00a0\u00bb background_color_opacity=\u00a0\u00bb1&Prime; background_hover_color_opacity=\u00a0\u00bb1&Prime; column_backdrop_filter=\u00a0\u00bbnone\u00a0\u00bb column_shadow=\u00a0\u00bbnone\u00a0\u00bb column_border_radius=\u00a0\u00bbnone\u00a0\u00bb column_link_target=\u00a0\u00bb_self\u00a0\u00bb column_position=\u00a0\u00bbdefault\u00a0\u00bb gradient_direction=\u00a0\u00bbleft_to_right\u00a0\u00bb overlay_strength=\u00a0\u00bb0.3&Prime; width=\u00a0\u00bb2\/3&Prime; tablet_width_inherit=\u00a0\u00bbdefault\u00a0\u00bb animation_type=\u00a0\u00bbdefault\u00a0\u00bb bg_image_animation=\u00a0\u00bbnone\u00a0\u00bb border_type=\u00a0\u00bbsimple\u00a0\u00bb column_border_width=\u00a0\u00bbnone\u00a0\u00bb column_border_style=\u00a0\u00bbsolid\u00a0\u00bb][vc_column_text]\n<p class=\"p1\"><span class=\"s1\">Apr\u00e8s plus de 35 ans d\u2019une carri\u00e8re de cadre passionnante, dans les domaines du management, de la conduite de projet et des ressources humaines, j\u2019ai choisi de devenir sophrologue, parce que j\u2019ai toujours aim\u00e9 \u00e9couter, accompagner et transmettre.<\/span><\/p>\n<p class=\"p1\"><span class=\"s1\">J\u2019ai d\u00e9couvert l\u2019efficacit\u00e9 de la sophrologie \u00e0 travers ma propre exp\u00e9rience et par les retours tr\u00e8s positifs des personnes que j\u2019ai pu orienter vers cette pratique, par exemple dans des situations de stress, de pr\u00e9vention du burnout ou pour aider des salari\u00e9s \u00e0 pr\u00e9parer entretiens ou \u00e9ch\u00e9ances.<br \/>\n<\/span><\/p>\n<p class=\"p1\"><span class=\"s1\">Au cours de ma formation de sophrologue, j\u2019ai d\u00e9couvert et exp\u00e9riment\u00e9 beaucoup d\u2019autres applications possibles (l\u2019am\u00e9lioration de la vitalit\u00e9 des personnes \u00e2g\u00e9es, la pr\u00e9vention de l\u2019\u00e9puisement parental,<span class=\"Apple-converted-space\">\u00a0 <\/span>le d\u00e9veloppement de la cr\u00e9ativit\u00e9 ou de la concentration, l\u2019am\u00e9lioration du sommeil, &#8230;.)<br \/>\n<\/span><\/p>\n<p class=\"p1\"><span class=\"s1\">J\u2019ai suivi ma formation \u00e0 la fois \u00e0 Paris et \u00e0 Ashford en Angleterre, et je peux intervenir en fran\u00e7ais comme en anglais.<br \/>\n<\/span><\/p>\n<p class=\"p1\"><span class=\"s1\">Mon objectif : diffuser et promouvoir la sophrologie,<span class=\"Apple-converted-space\">\u00a0 <\/span>une m\u00e9thode pratique<span class=\"Apple-converted-space\">\u00a0 <\/span>r\u00e9ellement<span class=\"Apple-converted-space\">\u00a0 <\/span>efficace et<span class=\"Apple-converted-space\">\u00a0 <\/span>accessible \u00e0 tous.<\/span><\/p>\n[\/vc_column_text][\/vc_column][\/vc_row]\n","protected":false},"excerpt":{"rendered":"<p>[vc_row type=\u00a0\u00bbin_container\u00a0\u00bb full_screen_row_position=\u00a0\u00bbmiddle\u00a0\u00bb column_margin=\u00a0\u00bbdefault\u00a0\u00bb column_direction=\u00a0\u00bbdefault\u00a0\u00bb column_direction_tablet=\u00a0\u00bbdefault\u00a0\u00bb column_direction_phone=\u00a0\u00bbdefault\u00a0\u00bb bg_color=\u00a0\u00bb#ffffff\u00a0\u00bb scene_position=\u00a0\u00bbcenter\u00a0\u00bb text_color=\u00a0\u00bbdark\u00a0\u00bb text_align=\u00a0\u00bbleft\u00a0\u00bb row_border_radius=\u00a0\u00bbnone\u00a0\u00bb row_border_radius_applies=\u00a0\u00bbbg\u00a0\u00bb overflow=\u00a0\u00bbvisible\u00a0\u00bb overlay_strength=\u00a0\u00bb0.3&Prime; gradient_direction=\u00a0\u00bbleft_to_right\u00a0\u00bb shape_divider_position=\u00a0\u00bbbottom\u00a0\u00bb bg_image_animation=\u00a0\u00bbnone\u00a0\u00bb shape_type=\u00a0\u00bb\u00a0\u00bb][vc_column column_padding=\u00a0\u00bbpadding-3-percent\u00a0\u00bb column_padding_tablet=\u00a0\u00bbinherit\u00a0\u00bb column_padding_phone=\u00a0\u00bbinherit\u00a0\u00bb column_padding_position=\u00a0\u00bball\u00a0\u00bb column_element_direction_desktop=\u00a0\u00bbdefault\u00a0\u00bb column_element_spacing=\u00a0\u00bbdefault\u00a0\u00bb centered_text=\u00a0\u00bbtrue\u00a0\u00bb desktop_text_alignment=\u00a0\u00bbdefault\u00a0\u00bb tablet_text_alignment=\u00a0\u00bbdefault\u00a0\u00bb phone_text_alignment=\u00a0\u00bbdefault\u00a0\u00bb background_color_opacity=\u00a0\u00bb1&Prime;&#8230;<\/p>\n","protected":false},"author":1,"featured_media":0,"parent":0,"menu_order":0,"comment_status":"closed","ping_status":"closed","template":"page-sidebar.php","meta":{"footnotes":""},"class_list":["post-170","page","type-page","status-publish"],"_links":{"self":[{"href":"https:\/\/dev.adrienpignet.com\/sos_sophro\/wp-json\/wp\/v2\/pages\/170","targetHints":{"allow":["GET"]}}],"collection":[{"href":"https:\/\/dev.adrienpignet.com\/sos_sophro\/wp-json\/wp\/v2\/pages"}],"about":[{"href":"https:\/\/dev.adrienpignet.com\/sos_sophro\/wp-json\/wp\/v2\/types\/page"}],"author":[{"embeddable":true,"href":"https:\/\/dev.adrienpignet.com\/sos_sophro\/wp-json\/wp\/v2\/users\/1"}],"replies":[{"embeddable":true,"href":"https:\/\/dev.adrienpignet.com\/sos_sophro\/wp-json\/wp\/v2\/comments?post=170"}],"version-history":[{"count":11,"href":"https:\/\/dev.adrienpignet.com\/sos_sophro\/wp-json\/wp\/v2\/pages\/170\/revisions"}],"predecessor-version":[{"id":1270,"href":"https:\/\/dev.adrienpignet.com\/sos_sophro\/wp-json\/wp\/v2\/pages\/170\/revisions\/1270"}],"wp:attachment":[{"href":"https:\/\/dev.adrienpignet.com\/sos_sophro\/wp-json\/wp\/v2\/media?parent=170"}],"curies":[{"name":"wp","href":"https:\/\/api.w.org\/{rel}","templated":true}]}}