{"id":282,"date":"2021-01-11T11:15:53","date_gmt":"2021-01-11T10:15:53","guid":{"rendered":"https:\/\/dev.adrienpignet.com\/avocat\/?page_id=282"},"modified":"2021-01-14T15:24:08","modified_gmt":"2021-01-14T14:24:08","slug":"presentation-du-cabinet","status":"publish","type":"page","link":"https:\/\/dev.adrienpignet.com\/avocat\/presentation-du-cabinet\/","title":{"rendered":"Pr\u00e9sentation du cabinet"},"content":{"rendered":"<h2 class=\"p1\">Lorem ipsum dolor sit amet<\/h2>\n<p class=\"p1\">Ma\u00eetre Anne LACONDEMINE vient initialement de l\u2019univers du droit des soci\u00e9t\u00e9s et de la fiscalit\u00e9 mais a d\u00e9velopp\u00e9 une comp\u00e9tence sp\u00e9cifique en droit de la famille et plus particuli\u00e8rement en mati\u00e8re de divorce.<\/p>\n<p class=\"p1\">En effet, sur le plan juridique, le droit de la famille est une mati\u00e8re transversale qui p\u00e9n\u00e8tre de nombreuses autres branches du droit, comme le droit des soci\u00e9t\u00e9s, le droit immobilier, ou la fiscalit\u00e9.<\/p>\n<p><img loading=\"lazy\" class=\"aligncenter wp-image-319 size-full\" src=\"https:\/\/dev.adrienpignet.com\/avocat\/wp-content\/uploads\/2021\/01\/cabinet-lacondemine-presentation.jpeg\" alt=\"\" width=\"320\" height=\"213\" srcset=\"https:\/\/dev.adrienpignet.com\/avocat\/wp-content\/uploads\/2021\/01\/cabinet-lacondemine-presentation.jpeg 320w, https:\/\/dev.adrienpignet.com\/avocat\/wp-content\/uploads\/2021\/01\/cabinet-lacondemine-presentation-300x200.jpeg 300w\" sizes=\"(max-width: 320px) 100vw, 320px\" \/><\/p>\n<p class=\"p1\"><i>Lorem ipsum dolor sit amet, consectetur adipiscing eliturabitur sit amet purus eget mi maximus porta<\/i><\/p>\n<p class=\"p1\">Il est primordial pour \u00e9tablir la strat\u00e9gie d\u2019un dossier de divorce de bien connaitre l\u2019univers financier et patrimonial de chacun des \u00e9poux afin de d\u00e9fendre au mieux les int\u00e9r\u00eats de nos clients.<\/p>\n<p class=\"p1\">Nous avons une expertise transversale du droit de la famille, des soci\u00e9t\u00e9s et du patrimoine et de la fiscalit\u00e9.<\/p>\n","protected":false},"excerpt":{"rendered":"<p>Lorem ipsum dolor sit amet Ma\u00eetre Anne LACONDEMINE vient initialement de l\u2019univers du droit des soci\u00e9t\u00e9s et de la fiscalit\u00e9 mais a d\u00e9velopp\u00e9 une comp\u00e9tence sp\u00e9cifique en droit de la famille et plus particuli\u00e8rement en mati\u00e8re de divorce. En effet, sur le plan juridique, le droit de la famille est une mati\u00e8re transversale qui p\u00e9n\u00e8tre [&hellip;]<\/p>\n","protected":false},"author":1,"featured_media":0,"parent":0,"menu_order":0,"comment_status":"closed","ping_status":"closed","template":"page-cabinet.php","meta":[],"_links":{"self":[{"href":"https:\/\/dev.adrienpignet.com\/avocat\/wp-json\/wp\/v2\/pages\/282"}],"collection":[{"href":"https:\/\/dev.adrienpignet.com\/avocat\/wp-json\/wp\/v2\/pages"}],"about":[{"href":"https:\/\/dev.adrienpignet.com\/avocat\/wp-json\/wp\/v2\/types\/page"}],"author":[{"embeddable":true,"href":"https:\/\/dev.adrienpignet.com\/avocat\/wp-json\/wp\/v2\/users\/1"}],"replies":[{"embeddable":true,"href":"https:\/\/dev.adrienpignet.com\/avocat\/wp-json\/wp\/v2\/comments?post=282"}],"version-history":[{"count":6,"href":"https:\/\/dev.adrienpignet.com\/avocat\/wp-json\/wp\/v2\/pages\/282\/revisions"}],"predecessor-version":[{"id":406,"href":"https:\/\/dev.adrienpignet.com\/avocat\/wp-json\/wp\/v2\/pages\/282\/revisions\/406"}],"wp:attachment":[{"href":"https:\/\/dev.adrienpignet.com\/avocat\/wp-json\/wp\/v2\/media?parent=282"}],"curies":[{"name":"wp","href":"https:\/\/api.w.org\/{rel}","templated":true}]}}