{"id":251,"date":"2021-01-11T10:24:53","date_gmt":"2021-01-11T09:24:53","guid":{"rendered":"https:\/\/dev.adrienpignet.com\/avocat\/?page_id=251"},"modified":"2021-01-13T15:46:57","modified_gmt":"2021-01-13T14:46:57","slug":"ladoption-pleniere","status":"publish","type":"page","link":"https:\/\/dev.adrienpignet.com\/avocat\/ladoption-pleniere\/","title":{"rendered":"L&rsquo;adoption pl\u00e9ni\u00e8re"},"content":{"rendered":"<h2 class=\"p1\">Qu\u2019est-ce que c\u2019est ?<\/h2>\n<h3 class=\"p1\"><span class=\"s1\">Les conditions :<span class=\"Apple-converted-space\">\u00a0<\/span><\/span><\/h3>\n<p class=\"p1\">Les couples mari\u00e9s qui souhaitent adopter un enfant doivent \u00eatre mari\u00e9s depuis plus de deux ans ou \u00eatre \u00e2g\u00e9s l\u2019un et l\u2019autre de plus de vingt-huit ans.<span class=\"Apple-converted-space\">\u00a0<\/span><\/p>\n<p class=\"p1\">Lorsqu\u2019il s\u2019agit d\u2019une adoption individuelle, l\u2019adoptant doit \u00eatre \u00e2g\u00e9e de plus de vingt-huit ans. S\u2019il est mari\u00e9, le consentement de son conjoint est n\u00e9cessaire.<span class=\"Apple-converted-space\">\u00a0<\/span><\/p>\n<p class=\"p1\">L\u2019adopt\u00e9 doit avoir moins de quinze ans, et faire partie des cat\u00e9gories d\u2019enfants adoptables (enfants pour lesquels les p\u00e8re et m\u00e8re ou conseil de famille ont valablement consenti \u00e0 l\u2019adoption, pupilles de l\u2019\u00c9tat ou enfants d\u00e9clar\u00e9s abandonn\u00e9s par l\u2019autorit\u00e9 judiciaire).<\/p>\n<p class=\"p1\">Par exception, il est \u00e9galement possible d\u2019adopter l\u2019enfant de son conjoint (\u00e0 condition qu\u2019il n\u2019y ait pas de filiation \u00e9tablie \u00e0 l\u2019\u00e9gard d\u2019un autre parent).<span class=\"Apple-converted-space\">\u00a0<\/span><\/p>\n<p class=\"p1\">Les concubins ou les personnes pacs\u00e9es ne peuvent recourir ensemble \u00e0 l\u2019adoption.<span class=\"Apple-converted-space\">\u00a0<\/span><\/p>\n<p class=\"p1\">Pour finir, il doit exister une diff\u00e9rence d\u2019\u00e2ge de quinze ans entre l\u2019adoptant et l\u2019adopt\u00e9 (r\u00e9duite \u00e0 dix ans en cas d\u2019adoption de l\u2019enfant du conjoint), l\u2019enfant doit avoir \u00e9t\u00e9 accueilli au foyer des adoptants depuis au moins six mois.<span class=\"Apple-converted-space\">\u00a0<\/span><\/p>\n<h3 class=\"p1\"><span class=\"s1\">Les effets :<span class=\"Apple-converted-space\">\u00a0<\/span><\/span><\/h3>\n<p class=\"p1\">L\u2019adoption pl\u00e9ni\u00e8re a pour effet de rompre le lien de filiation entre l\u2019enfant et sa famille d\u2019origine.<span class=\"Apple-converted-space\">\u00a0<\/span><\/p>\n<p class=\"p1\">L\u2019adoption pl\u00e9ni\u00e8re est irr\u00e9vocable et elle est transcrite sur l\u2019\u00e9tat civil de l\u2019enfant.<span class=\"Apple-converted-space\">\u00a0<\/span><\/p>\n<p class=\"p1\">L\u2019enfant adopt\u00e9 a alors les m\u00eames droits et obligations qu\u2019un enfant dont la filiation est \u00e9tablie en application des r\u00e8gles vu pr\u00e9c\u00e9demment.<\/p>\n<p>&nbsp;<\/p>\n<p><img loading=\"lazy\" class=\"aligncenter wp-image-330 size-full\" src=\"https:\/\/dev.adrienpignet.com\/avocat\/wp-content\/uploads\/2021\/01\/adoption-pleniere-cabinet-laccondemine.jpg\" alt=\"Adoption pl\u00e9ni\u00e8re cabinet Lacondemine\" width=\"724\" height=\"483\" srcset=\"https:\/\/dev.adrienpignet.com\/avocat\/wp-content\/uploads\/2021\/01\/adoption-pleniere-cabinet-laccondemine.jpg 724w, https:\/\/dev.adrienpignet.com\/avocat\/wp-content\/uploads\/2021\/01\/adoption-pleniere-cabinet-laccondemine-300x200.jpg 300w\" sizes=\"(max-width: 724px) 100vw, 724px\" \/><\/p>\n","protected":false},"excerpt":{"rendered":"<p>Qu\u2019est-ce que c\u2019est ? Les conditions :\u00a0 Les couples mari\u00e9s qui souhaitent adopter un enfant doivent \u00eatre mari\u00e9s depuis plus de deux ans ou \u00eatre \u00e2g\u00e9s l\u2019un et l\u2019autre de plus de vingt-huit ans.\u00a0 Lorsqu\u2019il s\u2019agit d\u2019une adoption individuelle, l\u2019adoptant doit \u00eatre \u00e2g\u00e9e de plus de vingt-huit ans. S\u2019il est mari\u00e9, le consentement de son [&hellip;]<\/p>\n","protected":false},"author":1,"featured_media":0,"parent":0,"menu_order":0,"comment_status":"closed","ping_status":"closed","template":"page-filiation.php","meta":[],"_links":{"self":[{"href":"https:\/\/dev.adrienpignet.com\/avocat\/wp-json\/wp\/v2\/pages\/251"}],"collection":[{"href":"https:\/\/dev.adrienpignet.com\/avocat\/wp-json\/wp\/v2\/pages"}],"about":[{"href":"https:\/\/dev.adrienpignet.com\/avocat\/wp-json\/wp\/v2\/types\/page"}],"author":[{"embeddable":true,"href":"https:\/\/dev.adrienpignet.com\/avocat\/wp-json\/wp\/v2\/users\/1"}],"replies":[{"embeddable":true,"href":"https:\/\/dev.adrienpignet.com\/avocat\/wp-json\/wp\/v2\/comments?post=251"}],"version-history":[{"count":5,"href":"https:\/\/dev.adrienpignet.com\/avocat\/wp-json\/wp\/v2\/pages\/251\/revisions"}],"predecessor-version":[{"id":372,"href":"https:\/\/dev.adrienpignet.com\/avocat\/wp-json\/wp\/v2\/pages\/251\/revisions\/372"}],"wp:attachment":[{"href":"https:\/\/dev.adrienpignet.com\/avocat\/wp-json\/wp\/v2\/media?parent=251"}],"curies":[{"name":"wp","href":"https:\/\/api.w.org\/{rel}","templated":true}]}}