{"id":248,"date":"2021-01-11T10:22:49","date_gmt":"2021-01-11T09:22:49","guid":{"rendered":"https:\/\/dev.adrienpignet.com\/avocat\/?page_id=248"},"modified":"2021-01-13T15:46:41","modified_gmt":"2021-01-13T14:46:41","slug":"la-contestation-du-lien-de-filiation","status":"publish","type":"page","link":"https:\/\/dev.adrienpignet.com\/avocat\/la-contestation-du-lien-de-filiation\/","title":{"rendered":"La contestation du lien de filiation"},"content":{"rendered":"<h2 class=\"p1\">Qu\u2019est-ce que c\u2019est ?<\/h2>\n<p class=\"p1\">La filiation peut \u00e9galement \u00eatre contest\u00e9e afin de d\u00e9montrer l\u2019inexactitude du lien de filiation.<span class=\"Apple-converted-space\">\u00a0<\/span><\/p>\n<h3 class=\"p1\"><span class=\"s1\">1er cas : La contestation d\u2019une filiation \u00e9tablie par le titre et la possession d\u2019\u00e9tat<\/span><\/h3>\n<p class=\"p1\">Si la filiation \u00e9tablie par un titre et la possession d\u2019\u00e9tat a dur\u00e9 moins de cinq ann\u00e9e, seuls l\u2019enfant, l\u2019un de ses p\u00e8re et m\u00e8re, ou celui qui pr\u00e9tend le parent v\u00e9ritable peuvent agir.<\/p>\n<p class=\"p1\">Le d\u00e9lai pour agir est de 5 ans \u00e0 compter du jour o\u00f9 la possession d\u2019\u00e9tat a cess\u00e9 ou du d\u00e9c\u00e8s du parent dont le lien de filiation est contest\u00e9.<span class=\"Apple-converted-space\">\u00a0<\/span><\/p>\n<p class=\"p1\">Si la filiation \u00e9tablie par un titre et la possession d\u2019\u00e9tat a dur\u00e9 plus de cinq ann\u00e9e, seul le minist\u00e8re public peut agir pour contester le lien de filiation.<\/p>\n<h3 class=\"p1\"><span class=\"s1\">2\u00e8me cas : La filiation est \u00e9tablie par un titre ou par la possession d\u2019\u00e9tat<\/span><\/h3>\n<p class=\"p1\">Dans ce cas de figure, toute personne int\u00e9ress\u00e9e peut agir pour contester la filiation dans un d\u00e9lai de 10 ans.<span class=\"Apple-converted-space\">\u00a0<\/span><\/p>\n<p class=\"p1\">Lorsque la filiation est \u00e9tablie par un titre, le d\u00e9lai court \u00e0 compter du jour de la naissance ou du jour de la reconnaissance (suspendu pour l\u2019enfant mineur).<\/p>\n<p class=\"p1\">Lorsque la filiation est \u00e9tablie par la possession d\u2019\u00e9tat, le d\u00e9lai court \u00e0 compter de la d\u00e9livrance de l\u2019acte de notori\u00e9t\u00e9 (suspendu pour l\u2019enfant mineur)<\/p>\n<p class=\"p1\">En pratique, l\u2019action en contestation de maternit\u00e9 est assez rare dans la mesure o\u00f9 le lien de filiation est fond\u00e9 exclusivement sur l\u2019accouchement. Ce qui impliquerait de prouver que la femme d\u00e9sign\u00e9e pour la m\u00e8re dans l\u2019acte de naissance, ou qui a reconnu l\u2019enfant, n\u2019a pas accouch\u00e9 de lui.<\/p>\n<p class=\"p1\">En ce qui concerne l\u2019action en contestation de paternit\u00e9, il convient de prouver que le mari ou l\u2019auteur d\u2019une reconnaissance paternelle n\u2019est pas le p\u00e8re v\u00e9ritable.<\/p>\n<p class=\"p1\">La preuve peut \u00eatre apport\u00e9e par tous moyens, mais il s\u2019agit en g\u00e9n\u00e9ral d\u2019une expertise biologique.<span class=\"Apple-converted-space\">\u00a0<\/span><\/p>\n<p><img loading=\"lazy\" class=\"aligncenter wp-image-335 size-full\" src=\"https:\/\/dev.adrienpignet.com\/avocat\/wp-content\/uploads\/2021\/01\/contester-lien-de-filiation-cabinet-lacondemine.jpg\" alt=\"contester lien de filiation cabinet divorce separation\" width=\"684\" height=\"510\" srcset=\"https:\/\/dev.adrienpignet.com\/avocat\/wp-content\/uploads\/2021\/01\/contester-lien-de-filiation-cabinet-lacondemine.jpg 684w, https:\/\/dev.adrienpignet.com\/avocat\/wp-content\/uploads\/2021\/01\/contester-lien-de-filiation-cabinet-lacondemine-300x224.jpg 300w\" sizes=\"(max-width: 684px) 100vw, 684px\" \/><\/p>\n<p>&nbsp;<\/p>\n","protected":false},"excerpt":{"rendered":"<p>Qu\u2019est-ce que c\u2019est ? La filiation peut \u00e9galement \u00eatre contest\u00e9e afin de d\u00e9montrer l\u2019inexactitude du lien de filiation.\u00a0 1er cas : La contestation d\u2019une filiation \u00e9tablie par le titre et la possession d\u2019\u00e9tat Si la filiation \u00e9tablie par un titre et la possession d\u2019\u00e9tat a dur\u00e9 moins de cinq ann\u00e9e, seuls l\u2019enfant, l\u2019un de ses [&hellip;]<\/p>\n","protected":false},"author":1,"featured_media":0,"parent":0,"menu_order":0,"comment_status":"closed","ping_status":"closed","template":"page-filiation.php","meta":[],"_links":{"self":[{"href":"https:\/\/dev.adrienpignet.com\/avocat\/wp-json\/wp\/v2\/pages\/248"}],"collection":[{"href":"https:\/\/dev.adrienpignet.com\/avocat\/wp-json\/wp\/v2\/pages"}],"about":[{"href":"https:\/\/dev.adrienpignet.com\/avocat\/wp-json\/wp\/v2\/types\/page"}],"author":[{"embeddable":true,"href":"https:\/\/dev.adrienpignet.com\/avocat\/wp-json\/wp\/v2\/users\/1"}],"replies":[{"embeddable":true,"href":"https:\/\/dev.adrienpignet.com\/avocat\/wp-json\/wp\/v2\/comments?post=248"}],"version-history":[{"count":4,"href":"https:\/\/dev.adrienpignet.com\/avocat\/wp-json\/wp\/v2\/pages\/248\/revisions"}],"predecessor-version":[{"id":371,"href":"https:\/\/dev.adrienpignet.com\/avocat\/wp-json\/wp\/v2\/pages\/248\/revisions\/371"}],"wp:attachment":[{"href":"https:\/\/dev.adrienpignet.com\/avocat\/wp-json\/wp\/v2\/media?parent=248"}],"curies":[{"name":"wp","href":"https:\/\/api.w.org\/{rel}","templated":true}]}}