{"id":245,"date":"2021-01-11T10:20:19","date_gmt":"2021-01-11T09:20:19","guid":{"rendered":"https:\/\/dev.adrienpignet.com\/avocat\/?page_id=245"},"modified":"2021-01-13T15:46:22","modified_gmt":"2021-01-13T14:46:22","slug":"filiation-par-voie-judiciaire","status":"publish","type":"page","link":"https:\/\/dev.adrienpignet.com\/avocat\/filiation-par-voie-judiciaire\/","title":{"rendered":"Filiation par voie judiciaire"},"content":{"rendered":"<h2 class=\"p1\">L\u2019\u00e9tablissement de la filiation par voie judiciaire<\/h2>\n<p class=\"p1\">Le lien de filiation entre un enfant et un parent peut \u00e9galement \u00eatre d\u00e9clar\u00e9 judiciairement. Il existe quatre actions pour ce faire.<\/p>\n<h3 class=\"p1\"><span class=\"s1\">L\u2019action en recherche de maternit\u00e9 :<span class=\"Apple-converted-space\">\u00a0<\/span><\/span><\/h3>\n<p class=\"p1\">Elle est tr\u00e8s rare et n\u2019est envisageable que dans la mesure o\u00f9 la filiation n\u2019a pas \u00e9t\u00e9 \u00e9tablie par l\u2019acte de naissance ou \u00e0 d\u00e9faut, par une reconnaissance ou par la possession d\u2019\u00e9tat constat\u00e9e.<span class=\"Apple-converted-space\">\u00a0<\/span><\/p>\n<p class=\"p1\">Cette action est r\u00e9serv\u00e9e \u00e0 l\u2019enfant. Elle peut \u00eatre intent\u00e9e pendant toute sa minorit\u00e9 (par son p\u00e8re, ou son tuteur) ou, \u00e0 d\u00e9faut, dans un d\u00e9lai de 10 ans \u00e0 compter de sa majorit\u00e9. L\u2019enfant peut donc agir jusqu\u2019\u00e0 ses 28 ans.<\/p>\n<h3 class=\"p1\"><span class=\"s1\">L\u2019action en r\u00e9tablissement de la pr\u00e9somption de paternit\u00e9 :<span class=\"Apple-converted-space\">\u00a0<\/span><\/span><\/h3>\n<p class=\"p1\">La pr\u00e9somption de paternit\u00e9 du mari est \u00e9cart\u00e9e lorsque l\u2019acte de naissance ne d\u00e9signe pas le mari en qualit\u00e9 de p\u00e8re.<\/p>\n<p class=\"p1\">Elle est \u00e9cart\u00e9e, en cas de demande en divorce lorsque l\u2019enfant est n\u00e9 plus de 300 jours apr\u00e8s la date du prononc\u00e9 d\u2019un divorce par consentement, ou des mesures provisoires fix\u00e9es par l\u2019ordonnance de non-conciliation, et moins de 180 jours depuis le rejet d\u00e9finitif de la demande ou de la r\u00e9conciliation.<\/p>\n<p class=\"p1\">Quand la pr\u00e9somption est \u00e9cart\u00e9e, ses effets peuvent \u00eatre r\u00e9tablis par jugement.<\/p>\n<p class=\"p1\">Durant la minorit\u00e9 de l\u2019enfant, chacun des \u00e9poux peut demander que ses effets soient r\u00e9tablis en prouvant que le mari est le p\u00e8re.<\/p>\n<p class=\"p1\">Puis, cette action est ouverte \u00e0 l\u2019enfant pendant les 10 ann\u00e9es qui suivent sa majorit\u00e9.<\/p>\n<p><img loading=\"lazy\" class=\"aligncenter wp-image-327 size-full\" src=\"https:\/\/dev.adrienpignet.com\/avocat\/wp-content\/uploads\/2021\/01\/filiation-par-voie-judiciaire-cabinet-lacondemine.jpg\" alt=\"\" width=\"724\" height=\"483\" srcset=\"https:\/\/dev.adrienpignet.com\/avocat\/wp-content\/uploads\/2021\/01\/filiation-par-voie-judiciaire-cabinet-lacondemine.jpg 724w, https:\/\/dev.adrienpignet.com\/avocat\/wp-content\/uploads\/2021\/01\/filiation-par-voie-judiciaire-cabinet-lacondemine-300x200.jpg 300w\" sizes=\"(max-width: 724px) 100vw, 724px\" \/><\/p>\n<p>&nbsp;<\/p>\n<h3 class=\"p1\"><span class=\"s1\">L\u2019action en constatation de la possession d\u2019\u00e9tat :<span class=\"Apple-converted-space\">\u00a0<\/span><\/span><\/h3>\n<p class=\"p1\">La possession d\u2019\u00e9tat s\u2019\u00e9tablit par une r\u00e9union suffisante de faits qui r\u00e9v\u00e8lent le lien de filiation et de parent\u00e9 entre une personne et la famille \u00e0 laquelle elle dit appartenir.<\/p>\n<p class=\"p1\">L\u2019action est ouverte \u00e0 tout int\u00e9ress\u00e9 et court durant dix ans \u00e0 compter du jour o\u00f9 la personne a \u00e9t\u00e9 priv\u00e9e de l\u2019\u00e9tat qu\u2019elle r\u00e9clame, soit le plus souvent \u00e0 partir du jour du d\u00e9c\u00e8s du parent pr\u00e9tendu qui avait \u00e9lev\u00e9 l\u2019enfant auparavant.<\/p>\n<h2 class=\"p1\">Attention, cette action ne permet pas d\u2019\u00e9tablir un lien de filiation. Son seul objet est d\u2019\u00e9tablir la preuve de la possession d\u2019\u00e9tat, \u00e0 d\u00e9faut de poss\u00e9der un titre de notori\u00e9t\u00e9.<span class=\"Apple-converted-space\">\u00a0<\/span><\/h2>\n","protected":false},"excerpt":{"rendered":"<p>L\u2019\u00e9tablissement de la filiation par voie judiciaire Le lien de filiation entre un enfant et un parent peut \u00e9galement \u00eatre d\u00e9clar\u00e9 judiciairement. Il existe quatre actions pour ce faire. L\u2019action en recherche de maternit\u00e9 :\u00a0 Elle est tr\u00e8s rare et n\u2019est envisageable que dans la mesure o\u00f9 la filiation n\u2019a pas \u00e9t\u00e9 \u00e9tablie par l\u2019acte [&hellip;]<\/p>\n","protected":false},"author":1,"featured_media":0,"parent":0,"menu_order":0,"comment_status":"closed","ping_status":"closed","template":"page-filiation.php","meta":[],"_links":{"self":[{"href":"https:\/\/dev.adrienpignet.com\/avocat\/wp-json\/wp\/v2\/pages\/245"}],"collection":[{"href":"https:\/\/dev.adrienpignet.com\/avocat\/wp-json\/wp\/v2\/pages"}],"about":[{"href":"https:\/\/dev.adrienpignet.com\/avocat\/wp-json\/wp\/v2\/types\/page"}],"author":[{"embeddable":true,"href":"https:\/\/dev.adrienpignet.com\/avocat\/wp-json\/wp\/v2\/users\/1"}],"replies":[{"embeddable":true,"href":"https:\/\/dev.adrienpignet.com\/avocat\/wp-json\/wp\/v2\/comments?post=245"}],"version-history":[{"count":5,"href":"https:\/\/dev.adrienpignet.com\/avocat\/wp-json\/wp\/v2\/pages\/245\/revisions"}],"predecessor-version":[{"id":370,"href":"https:\/\/dev.adrienpignet.com\/avocat\/wp-json\/wp\/v2\/pages\/245\/revisions\/370"}],"wp:attachment":[{"href":"https:\/\/dev.adrienpignet.com\/avocat\/wp-json\/wp\/v2\/media?parent=245"}],"curies":[{"name":"wp","href":"https:\/\/api.w.org\/{rel}","templated":true}]}}