{"id":241,"date":"2021-01-11T10:18:24","date_gmt":"2021-01-11T09:18:24","guid":{"rendered":"https:\/\/dev.adrienpignet.com\/avocat\/?page_id=241"},"modified":"2021-01-13T15:46:05","modified_gmt":"2021-01-13T14:46:05","slug":"filiation-non-contentieux","status":"publish","type":"page","link":"https:\/\/dev.adrienpignet.com\/avocat\/filiation-non-contentieux\/","title":{"rendered":"Filiation non contentieux"},"content":{"rendered":"<h2 class=\"p1\">L\u2019\u00e9tablissement de la filiation non contentieux<\/h2>\n<h3 class=\"p1\"><span class=\"s1\">La filiation d\u2019un enfant \u00e0 l\u2019\u00e9gard de parents mari\u00e9s s\u2019\u00e9tablit automatiquement par l\u2019effet de la loi :<span class=\"Apple-converted-space\">\u00a0<\/span><\/span><\/h3>\n<ul>\n<li class=\"p1\">\u00c0 l\u2019\u00e9gard de la m\u00e8re : la d\u00e9signation de la m\u00e8re dans l\u2019acte de naissance<\/li>\n<li class=\"p1\">\u00c0 l\u2019\u00e9gard du p\u00e8re : la pr\u00e9somption de paternit\u00e9<\/li>\n<\/ul>\n<p class=\"p1\">Mais lorsque la filiation n\u2019a pas \u00e9t\u00e9 \u00e9tablie par l\u2019effet de la loi, elle peut \u00eatre \u00e9tablie par deux moyens : la reconnaissance ou la possession d\u2019\u00e9tat.<\/p>\n<p class=\"p1\">La reconnaissance : elle \u00e9mane souvent du p\u00e8re de l\u2019enfant lorsqu\u2019il n\u2019est pas mari\u00e9 \u00e0 la m\u00e8re, dans la mesure o\u00f9 il ne b\u00e9n\u00e9ficie pas de la pr\u00e9somption de paternit\u00e9.<\/p>\n<p class=\"p1\">La reconnaissance peut s\u2019effectuer avant ou apr\u00e8s la naissance de l\u2019enfant et doit \u00e9maner personnellement du parent concern\u00e9. La reconnaissance suppose que l\u2019enfant n\u2019ait pas un lien de filiation d\u00e9j\u00e0 \u00e9tabli avec un tiers : dans ce cas, il faudra au pr\u00e9alable la contester.<span class=\"Apple-converted-space\">\u00a0<\/span><\/p>\n<h3 class=\"p1\"><span class=\"s1\">La reconnaissance<span class=\"Apple-converted-space\">\u00a0<\/span><\/span><\/h3>\n<p class=\"p1\">Elle \u00e9mane souvent du p\u00e8re de l\u2019enfant lorsqu\u2019il n\u2019est pas mari\u00e9 \u00e0 la m\u00e8re, dans la mesure o\u00f9 il ne b\u00e9n\u00e9ficie pas de la pr\u00e9somption de paternit\u00e9.<\/p>\n<p class=\"p1\">La reconnaissance peut s\u2019effectuer avant ou apr\u00e8s la naissance de l\u2019enfant et doit \u00e9maner personnellement du parent concern\u00e9. La reconnaissance suppose que l\u2019enfant n\u2019ait pas un lien de filiation d\u00e9j\u00e0 \u00e9tabli avec un tiers : dans ce cas, il faudra au pr\u00e9alable la contester.<span class=\"Apple-converted-space\">\u00a0<\/span><\/p>\n<p><img loading=\"lazy\" class=\"aligncenter wp-image-324 size-full\" src=\"https:\/\/dev.adrienpignet.com\/avocat\/wp-content\/uploads\/2021\/01\/filiation-non-contentieux-cabinet-lacondemine.jpg\" alt=\"Filiation non contentieux cabinet Lacondemine\" width=\"724\" height=\"483\" srcset=\"https:\/\/dev.adrienpignet.com\/avocat\/wp-content\/uploads\/2021\/01\/filiation-non-contentieux-cabinet-lacondemine.jpg 724w, https:\/\/dev.adrienpignet.com\/avocat\/wp-content\/uploads\/2021\/01\/filiation-non-contentieux-cabinet-lacondemine-300x200.jpg 300w\" sizes=\"(max-width: 724px) 100vw, 724px\" \/><\/p>\n<p>&nbsp;<\/p>\n<h3 class=\"p1\"><span class=\"s1\">La reconnaissance peut \u00eatre faite :<\/span><\/h3>\n<ul>\n<li class=\"p1\">Dans l\u2019acte de naissance de l\u2019enfant,<span class=\"Apple-converted-space\">\u00a0<\/span><\/li>\n<li class=\"p1\">Par acte re\u00e7u par l\u2019officier de l\u2019\u00e9tat civil,<span class=\"Apple-converted-space\">\u00a0<\/span><\/li>\n<li class=\"p1\">Par acte authentique<span class=\"Apple-converted-space\">\u00a0<\/span><\/li>\n<\/ul>\n<h2 class=\"p1\">Attention, dans le cas d\u2019un couple non mari\u00e9, si le p\u00e8re ne reconna\u00eet pas l\u2019enfant dans l\u2019ann\u00e9e de sa naissance, il n\u2019aura pas l\u2019autorit\u00e9 parentale sur l\u2019enfant.<span class=\"Apple-converted-space\">\u00a0<\/span><\/h2>\n<h3 class=\"p1\"><span class=\"s1\">La possession d\u2019\u00e9tat<\/span><\/h3>\n<p class=\"p1\">La possession d\u2019\u00e9tat est la r\u00e9union suffisante de faits qui r\u00e9v\u00e8le le lien de filiation et de parent\u00e9 entre une personne et la famille \u00e0 laquelle elle dit appartenir.<\/p>\n<p class=\"p1\">En d\u2019autres termes, la possession d\u2019\u00e9tat permet d\u2019\u00e9tablir l\u2019existence d\u2019un lien de filiation entre un parent et un enfant qui se comportent comme tels dans la r\u00e9alit\u00e9, m\u00eame s\u2019ils n\u2019ont aucun lien biologique.<span class=\"Apple-converted-space\">\u00a0<\/span><\/p>\n<h3 class=\"p1\"><span class=\"s1\">Il est tenu compte de plusieurs \u00e9l\u00e9ments, mais il n\u2019est pas obligatoire qu\u2019ils soient tous r\u00e9unis :<span class=\"Apple-converted-space\">\u00a0<\/span><\/span><\/h3>\n<ul>\n<li class=\"p1\">Les int\u00e9ress\u00e9s se sont toujours r\u00e9ciproquement trait\u00e9s et consid\u00e9r\u00e9s comme parent et enfant, par exemple en ayant toujours pourvu \u00e0 son \u00e9ducation ou \u00e0 son entretien<\/li>\n<li class=\"p1\">La r\u00e9putation du lien entre le parent et l\u2019enfant \u00e0 l\u2019\u00e9gard des tiers, c\u2019est-\u00e0-dire que l\u2019enfant est reconnu comme tel dans la soci\u00e9t\u00e9 et par la famille,<span class=\"Apple-converted-space\">\u00a0<\/span><\/li>\n<li class=\"p1\">Que les int\u00e9ress\u00e9s portent le m\u00eame nom.<\/li>\n<\/ul>\n<p class=\"p1\">Cette possession d\u2019\u00e9tat doit bien entendu avoir dur\u00e9 dans le temps et ne pas \u00eatre issu d\u2019une fraude (un enl\u00e8vement).<\/p>\n<p class=\"p1\">La possession d\u2019\u00e9tat doit \u00eatre demand\u00e9e dans un d\u00e9lai de 5 ans \u00e0 compter de la cessation de la possession d\u2019\u00e9tat ou du d\u00e9c\u00e8s du parent pr\u00e9tendu.<span class=\"Apple-converted-space\">\u00a0<\/span><\/p>\n<p class=\"p1\">Si les conditions sont r\u00e9unies, elle est constat\u00e9e dans un acte de notori\u00e9t\u00e9 d\u00e9livr\u00e9 par un notaire et mentionn\u00e9 en marge de l\u2019acte de naissance de l\u2019enfant.<\/p>\n","protected":false},"excerpt":{"rendered":"<p>L\u2019\u00e9tablissement de la filiation non contentieux La filiation d\u2019un enfant \u00e0 l\u2019\u00e9gard de parents mari\u00e9s s\u2019\u00e9tablit automatiquement par l\u2019effet de la loi :\u00a0 \u00c0 l\u2019\u00e9gard de la m\u00e8re : la d\u00e9signation de la m\u00e8re dans l\u2019acte de naissance \u00c0 l\u2019\u00e9gard du p\u00e8re : la pr\u00e9somption de paternit\u00e9 Mais lorsque la filiation n\u2019a pas \u00e9t\u00e9 \u00e9tablie [&hellip;]<\/p>\n","protected":false},"author":1,"featured_media":0,"parent":0,"menu_order":0,"comment_status":"closed","ping_status":"closed","template":"page-filiation.php","meta":[],"_links":{"self":[{"href":"https:\/\/dev.adrienpignet.com\/avocat\/wp-json\/wp\/v2\/pages\/241"}],"collection":[{"href":"https:\/\/dev.adrienpignet.com\/avocat\/wp-json\/wp\/v2\/pages"}],"about":[{"href":"https:\/\/dev.adrienpignet.com\/avocat\/wp-json\/wp\/v2\/types\/page"}],"author":[{"embeddable":true,"href":"https:\/\/dev.adrienpignet.com\/avocat\/wp-json\/wp\/v2\/users\/1"}],"replies":[{"embeddable":true,"href":"https:\/\/dev.adrienpignet.com\/avocat\/wp-json\/wp\/v2\/comments?post=241"}],"version-history":[{"count":5,"href":"https:\/\/dev.adrienpignet.com\/avocat\/wp-json\/wp\/v2\/pages\/241\/revisions"}],"predecessor-version":[{"id":369,"href":"https:\/\/dev.adrienpignet.com\/avocat\/wp-json\/wp\/v2\/pages\/241\/revisions\/369"}],"wp:attachment":[{"href":"https:\/\/dev.adrienpignet.com\/avocat\/wp-json\/wp\/v2\/media?parent=241"}],"curies":[{"name":"wp","href":"https:\/\/api.w.org\/{rel}","templated":true}]}}