{"id":231,"date":"2021-01-11T10:09:57","date_gmt":"2021-01-11T09:09:57","guid":{"rendered":"https:\/\/dev.adrienpignet.com\/avocat\/?page_id=231"},"modified":"2021-01-13T15:44:28","modified_gmt":"2021-01-13T14:44:28","slug":"pension-alimentaire","status":"publish","type":"page","link":"https:\/\/dev.adrienpignet.com\/avocat\/pension-alimentaire\/","title":{"rendered":"Pension alimentaire"},"content":{"rendered":"<h2 class=\"p1\">Qu\u2019est ce que c\u2019est ?<\/h2>\n<p class=\"p1\">Chacun des parents doit contribuer \u00e0 proportion de ses ressources \u00e0 l\u2019entretien et \u00e0 l\u2019\u00e9ducation de ses enfants en fonction de leurs besoins, et ce m\u00eame en cas de s\u00e9paration.<span class=\"Apple-converted-space\">\u00a0<\/span><\/p>\n<p class=\"p1\">Cette contribution prend alors la forme d\u2019une pension alimentaire.<\/p>\n<p class=\"p1\">En cas de s\u00e9paration des parents, lorsque la garde des enfants est attribu\u00e9e \u00e0 l\u2019un, l\u2019autre parent doit verser une pension alimentaire correspondant \u00e0 l\u2019entretien et l\u2019\u00e9ducation des enfants.<span class=\"Apple-converted-space\">\u00a0<\/span><\/p>\n<p class=\"p1\">M\u00eame en cas de garde altern\u00e9e, le versement d\u2019une pension alimentaire pourra se justifier en cas de disparit\u00e9 de revenus entre les parents.<span class=\"Apple-converted-space\">\u00a0<\/span><\/p>\n<h3 class=\"p1\"><span class=\"s1\">La pension alimentaire ne couvre que les besoins courants de l&rsquo;enfant.<span class=\"Apple-converted-space\">\u00a0<\/span><\/span><\/h3>\n<ul>\n<li class=\"p1\">Nourriture<\/li>\n<li class=\"p1\">Logement<\/li>\n<li class=\"p1\">Habillement<\/li>\n<li class=\"p1\">Meubles<\/li>\n<li class=\"p1\">Transport<\/li>\n<li class=\"p1\">Loisirs<\/li>\n<li class=\"p1\">Frais scolaires (cantine)<\/li>\n<\/ul>\n<p class=\"p1\">Elle ne prend pas en charge les frais exceptionnels et extra-scolaires.<\/p>\n<p class=\"p1\">Les frais exceptionnels sont compos\u00e9s de plusieurs cat\u00e9gories de d\u00e9penses qu\u2019aucun texte ne d\u00e9finit.<\/p>\n<p><img loading=\"lazy\" class=\"aligncenter wp-image-333 size-full\" src=\"https:\/\/dev.adrienpignet.com\/avocat\/wp-content\/uploads\/2021\/01\/autorite-parentale-cabinet-lacondemine.jpg\" alt=\"Autorit\u00e9 parentale cabinet lacondemine\" width=\"724\" height=\"483\" srcset=\"https:\/\/dev.adrienpignet.com\/avocat\/wp-content\/uploads\/2021\/01\/autorite-parentale-cabinet-lacondemine.jpg 724w, https:\/\/dev.adrienpignet.com\/avocat\/wp-content\/uploads\/2021\/01\/autorite-parentale-cabinet-lacondemine-300x200.jpg 300w\" sizes=\"(max-width: 724px) 100vw, 724px\" \/><\/p>\n<p>&nbsp;<\/p>\n<h3 class=\"p1\"><span class=\"s1\">La doctrine et la jurisprudence ont d\u00e9gag\u00e9 des domaines qui entrent dans la cat\u00e9gorie \u00ab frais exceptionnels \u00bb :<\/span><\/h3>\n<ul>\n<li class=\"p1\">Les frais m\u00e9dicaux non couverts par la S\u00e9curit\u00e9 sociale<span class=\"Apple-converted-space\">\u00a0<\/span><\/li>\n<li class=\"p1\">Les frais de voyages scolaires<span class=\"Apple-converted-space\">\u00a0<\/span><\/li>\n<li class=\"p1\">Les frais de scolarit\u00e9 dans des \u00e9tablissements priv\u00e9s et les frais de cr\u00e8che<\/li>\n<li class=\"p2\">Les interventions chirurgicales, les frais d\u2019hospitalisation et les frais de<span class=\"Apple-converted-space\">\u00a0<\/span><\/li>\n<li class=\"p1\">traitement de longue dur\u00e9e<\/li>\n<li class=\"p1\">Les frais de transport en commun<\/li>\n<li class=\"p1\">Le permis de conduire<\/li>\n<\/ul>\n<p class=\"p1\">Les frais extra-scolaires sont compos\u00e9s essentiellement des activit\u00e9s sportives, des activit\u00e9s artistiques et plus g\u00e9n\u00e9ralement des activit\u00e9s sociales que peut pratiquer l\u2019enfant en dehors du temps scolaire.<\/p>\n<h3 class=\"p1\">Il est important de demander au Juge aux Affaires Familiales de fixer en plus de la pension alimentaire la r\u00e9partition de la prise en charge par chacun des parents des frais exceptionnels et extra-scolaires sachant que Le juge d\u00e9cide au cas par cas et qu\u2019il n\u2019y a donc pas de r\u00e8gles g\u00e9n\u00e9rales en la mati\u00e8re.<\/h3>\n<p class=\"p1\">La pension alimentaire ne s\u2019arr\u00eate pas au jour de la majorit\u00e9 : elle devra \u00eatre vers\u00e9e jusqu\u2019\u00e0 ce que l\u2019enfant puisse subvenir seul \u00e0 ses besoins (\u00e0 condition qu\u2019il fasse des \u00e9tudes sup\u00e9rieures ou qu\u2019il recherche activement un emploi).<span class=\"Apple-converted-space\">\u00a0<\/span><\/p>\n<p class=\"p1\">Enfin, il est possible de demander une r\u00e9vision du montant de la pension alimentaire si un changement important dans la situation de l\u2019un des parents le justifie ou dans les besoins de l\u2019enfant.<\/p>\n<p><img loading=\"lazy\" class=\"aligncenter wp-image-365 size-full\" src=\"https:\/\/dev.adrienpignet.com\/avocat\/wp-content\/uploads\/2021\/01\/pension-alimentaire-cabinet-avocat-divorce-lyon.jpg\" alt=\"Pension alimentaire cabinet avocat divorce Lyon\" width=\"724\" height=\"483\" srcset=\"https:\/\/dev.adrienpignet.com\/avocat\/wp-content\/uploads\/2021\/01\/pension-alimentaire-cabinet-avocat-divorce-lyon.jpg 724w, https:\/\/dev.adrienpignet.com\/avocat\/wp-content\/uploads\/2021\/01\/pension-alimentaire-cabinet-avocat-divorce-lyon-300x200.jpg 300w\" sizes=\"(max-width: 724px) 100vw, 724px\" \/><\/p>\n<h3 class=\"p1\"><span class=\"s1\">Comment est-elle fix\u00e9e ?<\/span><\/h3>\n<p class=\"p1\">La pension alimentaire est fix\u00e9e en tenant compte de plusieurs crit\u00e8res :<\/p>\n<ul>\n<li class=\"p2\"><span class=\"Apple-converted-space\">\u00a0\u00a0 <\/span>Le mode de garde,<span class=\"Apple-converted-space\">\u00a0<\/span><\/li>\n<li class=\"p2\"><span class=\"Apple-converted-space\">\u00a0\u00a0 <\/span>Le nombre d\u2019enfants,<span class=\"Apple-converted-space\">\u00a0<\/span><\/li>\n<li class=\"p2\"><span class=\"Apple-converted-space\">\u00a0\u00a0 <\/span>Les besoins des enfants,<span class=\"Apple-converted-space\">\u00a0<\/span><\/li>\n<li class=\"p2\"><span class=\"Apple-converted-space\">\u00a0\u00a0 <\/span>Les revenus de chacun des parents.<\/li>\n<\/ul>\n<p class=\"p2\">Il est possible de d\u00e9terminer le montant moyen d\u2019une pension alimentaire (10% du revenu net du parent d\u00e9biteur) en se r\u00e9f\u00e9rant \u00e0 la table de r\u00e9f\u00e9rence \u00e9tablie par le minist\u00e8re de la Justice disponible \u00e0 cette adresse :<\/p>\n<p class=\"p2\"><a href=\"http:\/\/www.vos-droits.justice.gouv.fr\/art_pix\/table_reference_pa.pdf\"><span class=\"Apple-converted-space\">\u00a0<\/span>http:\/\/www.vos-droits.justice.gouv.fr\/art_pix\/table_reference_pa.pdf<\/a><\/p>\n<p class=\"p2\">Cette grille est n\u00e9anmoins indicative ; Seul le juge d\u00e9termine le montant de la pension alimentaire, en se basant sur la table de r\u00e9f\u00e9rence mais aussi sur d\u2019autres param\u00e8tres, non pris en compte dans la table de r\u00e9f\u00e9rence.<\/p>\n<h3 class=\"p1\"><span class=\"s1\">A quel moment est-elle fix\u00e9e ?<\/span><\/h3>\n<p class=\"p1\">En cas de divorce amiable, les \u00e9poux doivent se mettre d\u2019accord sur le montant de la pension alimentaire en tenant compte des crit\u00e8res vus ci-dessus. Elle sera alors retranscrite dans la convention de divorce par consentement mutuel sous signature priv\u00e9 contresign\u00e9e par avocat.<span class=\"Apple-converted-space\">\u00a0<\/span><\/p>\n<p class=\"p1\">En cas de divorce contentieux, la pension alimentaire peut \u00eatre demand\u00e9e d\u00e8s l\u2019introduction de la requ\u00eate en divorce \u00e0 titre de mesures provisoires. Le juge pourra y faire droit dans l\u2019ordonnance sur tentative de conciliation et aura vocation \u00e0 s\u2019appliquer pendant toute la proc\u00e9dure de divorce.<span class=\"Apple-converted-space\">\u00a0<\/span><\/p>\n<p class=\"p1\">Elle pourra \u00e9galement \u00eatre demand\u00e9e au cours de la proc\u00e9dure de divorce au titre des mesures relatives aux enfants et ayant vocation \u00e0 s\u2019appliquer apr\u00e8s le prononc\u00e9 du divorce. Le juge tranchera alors cette question dans le jugement qui prononce le divorce des \u00e9poux.<\/p>\n<p class=\"p1\">Enfin, dans tous les autres cas de s\u00e9paration (PACS et concubinage) la pension alimentaire peut \u00eatre demand\u00e9e dans les m\u00eames conditions que pour un divorce.<\/p>\n<h3 class=\"p1\"><span class=\"s1\">Quel r\u00e9gime fiscal pour la pension alimentaire ?<\/span><\/h3>\n<p class=\"p1\">Si la pension alimentaire est vers\u00e9e pour un enfant mineur, il y a deux conditions pour que cette derni\u00e8re soit d\u00e9ductible :<span class=\"Apple-converted-space\">\u00a0 \u00a0<\/span><\/p>\n<ul>\n<li class=\"p1\">Elle doit \u00eatre vers\u00e9e du fait d\u2019une d\u00e9cision de justice, et non sur la seule volont\u00e9 du parent.<\/li>\n<li class=\"p1\">Les enfants pour qui la pension est vers\u00e9e, ne doivent pas faire partie du quotient familial de celui qui la verse.<\/li>\n<\/ul>\n<p class=\"p1\">Les pensions alimentaires vers\u00e9es pour un enfant mineur sont d\u00e9ductibles sans limitation, et peuvent se faire sous la forme d\u2019un droit d\u2019usage et d\u2019habitation.<\/p>\n<p class=\"p1\">Celui qui per\u00e7oit la pension alimentaire doit d\u00e9clarer celle-ci dans ses revenus aux imp\u00f4ts. Elle supporte l\u2019imp\u00f4t apr\u00e8s un abattement de 10%.<\/p>\n<p class=\"p1\">Si c\u2019est une garde altern\u00e9e, il est pr\u00e9vu en principe que chaque parent aura une majoration \u00e9gale de son quotient familial.<span class=\"Apple-converted-space\">\u00a0<\/span><\/p>\n<p class=\"p1\">Ainsi le parent qui a l\u2019obligation de verser une pension alimentaire doit choisir, entre cette majoration du quotient familial et la d\u00e9duction de la pension alimentaire, afin de ne pas cumuler deux avantages fiscaux. Dans le cas o\u00f9 il prend la 2e option, la totalit\u00e9 de la majoration du quotient familial sera attribu\u00e9 \u00e0 l\u2019\u00e9poux b\u00e9n\u00e9ficiaire de la pension alimentaire, et ce dernier devra dans ce cas la d\u00e9clarer dans ses revenus.<\/p>\n<h3 class=\"p1\"><span class=\"s1\">Si la pension alimentaire est vers\u00e9e \u00e0 un enfant majeur, il y a \u00e9galement deux conditions cumulatives pour qu\u2019elle soit d\u00e9ductible :<\/span><\/h3>\n<ul>\n<li class=\"p1\">l\u2019enfant doit \u00eatre dans le besoin (\u00e9tudiant-ch\u00f4meur-infirme\u2026)<span class=\"Apple-converted-space\">\u00a0<\/span><\/li>\n<li class=\"p1\">il ne doit pas \u00eatre rattach\u00e9 au foyer fiscal du parent qui lui verse la pension alimentaire.<\/li>\n<\/ul>\n<p class=\"p1\">Le montant d\u00e9ductible de la pension alimentaire vers\u00e9 \u00e0 un majeur est quant \u00e0 lui limit\u00e9. Il ne peut exc\u00e9der le montant maximum de l\u2019avantage dont peuvent b\u00e9n\u00e9ficier les personnes mari\u00e9es au titre du quotient familial par personne prise en charge, celui-ci est fix\u00e9 chaque ann\u00e9e dans la loi de finance.<\/p>\n<p class=\"p1\">Si l\u2019enfant majeur n\u2019est rattach\u00e9 ni au foyer fiscal de son p\u00e8re ni de sa m\u00e8re ; alors, les deux parents peuvent d\u00e9duire la pension alimentaire qui lui est vers\u00e9e.<\/p>\n<p class=\"p1\">L\u2019enfant majeur, de son c\u00f4t\u00e9, doit d\u00e9clarer la pension alimentaire qu\u2019il per\u00e7oit dans ses revenus.<span class=\"Apple-converted-space\">\u00a0<\/span><\/p>\n","protected":false},"excerpt":{"rendered":"<p>Qu\u2019est ce que c\u2019est ? Chacun des parents doit contribuer \u00e0 proportion de ses ressources \u00e0 l\u2019entretien et \u00e0 l\u2019\u00e9ducation de ses enfants en fonction de leurs besoins, et ce m\u00eame en cas de s\u00e9paration.\u00a0 Cette contribution prend alors la forme d\u2019une pension alimentaire. En cas de s\u00e9paration des parents, lorsque la garde des enfants [&hellip;]<\/p>\n","protected":false},"author":1,"featured_media":0,"parent":0,"menu_order":0,"comment_status":"closed","ping_status":"closed","template":"page-enfants.php","meta":[],"_links":{"self":[{"href":"https:\/\/dev.adrienpignet.com\/avocat\/wp-json\/wp\/v2\/pages\/231"}],"collection":[{"href":"https:\/\/dev.adrienpignet.com\/avocat\/wp-json\/wp\/v2\/pages"}],"about":[{"href":"https:\/\/dev.adrienpignet.com\/avocat\/wp-json\/wp\/v2\/types\/page"}],"author":[{"embeddable":true,"href":"https:\/\/dev.adrienpignet.com\/avocat\/wp-json\/wp\/v2\/users\/1"}],"replies":[{"embeddable":true,"href":"https:\/\/dev.adrienpignet.com\/avocat\/wp-json\/wp\/v2\/comments?post=231"}],"version-history":[{"count":4,"href":"https:\/\/dev.adrienpignet.com\/avocat\/wp-json\/wp\/v2\/pages\/231\/revisions"}],"predecessor-version":[{"id":366,"href":"https:\/\/dev.adrienpignet.com\/avocat\/wp-json\/wp\/v2\/pages\/231\/revisions\/366"}],"wp:attachment":[{"href":"https:\/\/dev.adrienpignet.com\/avocat\/wp-json\/wp\/v2\/media?parent=231"}],"curies":[{"name":"wp","href":"https:\/\/api.w.org\/{rel}","templated":true}]}}