{"id":213,"date":"2021-01-11T09:34:00","date_gmt":"2021-01-11T08:34:00","guid":{"rendered":"https:\/\/dev.adrienpignet.com\/avocat\/?page_id=213"},"modified":"2021-01-13T15:49:11","modified_gmt":"2021-01-13T14:49:11","slug":"le-coup-de-nos-prestations","status":"publish","type":"page","link":"https:\/\/dev.adrienpignet.com\/avocat\/le-coup-de-nos-prestations\/","title":{"rendered":"Le coup de nos prestations"},"content":{"rendered":"<h2 class=\"p1\">Lorem ipsum dolor sit amet<\/h2>\n<p class=\"p1\">En conformit\u00e9 avec les r\u00e8gles d\u00e9ontologiques de la profession d\u2019Avocat, les honoraires sont clairement \u00e9voqu\u00e9s, estim\u00e9s et fix\u00e9s d\u00e8s le premier rendez-vous en accord avec le client.<\/p>\n<p class=\"p1\">Une convention d\u2019honoraires est syst\u00e9matiquement \u00e9tablie entre le Cabinet et le client.<\/p>\n<h3 class=\"p3\">Il existe 3 types d\u2019honoraires :<\/h3>\n<blockquote>\n<h4 class=\"p1\"><span class=\"s1\">Les honoraires forfaitaires :<\/span><\/h4>\n<p class=\"p1\">Lorsque la nature de l\u2019affaire rend pr\u00e9visible le travail \u00e0 accomplir. Ces honoraires sont calcul\u00e9s selon la complexit\u00e9 du dossier, le nombre de diligences \u00e0 accomplir et le temps consacr\u00e9 au dossier.<\/p>\n<\/blockquote>\n<blockquote>\n<h4 class=\"p1\"><span class=\"s1\">Les honoraires au temps pass\u00e9 :<\/span><\/h4>\n<p class=\"p1\">Les honoraires sont factur\u00e9s en fonction du temps pass\u00e9 dans le cadre d\u2019un dossier pour lequel l\u2019\u00e9valuation des diligences ne peut pas \u00eatre d\u00e9termin\u00e9e \u00e0 l\u2019avance. Le montant des honoraires est donc fonction du temps pass\u00e9 et du taux horaire d\u00e9fini \u00e0 l\u2019avance (qui d\u00e9pend notamment de la nature des t\u00e2ches \u00e0 accomplir).<\/p>\n<\/blockquote>\n<blockquote>\n<h4 class=\"p1\"><span class=\"s1\">Les honoraires \u00abde r\u00e9sultat \u00bb :<\/span><\/h4>\n<p class=\"p1\">Il s\u2019agit d\u2019un compl\u00e9ment de r\u00e9mun\u00e9ration, bas\u00e9 sur l\u2019obtention d\u2019un r\u00e9sultat d\u00e9fini, qui viendra s\u2019ajouter \u00e0 des honoraires de base. Les honoraires de r\u00e9sultat ne peuvent pas \u00eatre le seul mode de r\u00e9mun\u00e9ration de l\u2019avocat. Cet honoraire suppl\u00e9mentaire est calcul\u00e9 sur la base d\u2019un pourcentage sur les sommes obtenues.<\/p>\n<\/blockquote>\n<h3 class=\"p1\">Dans tous les cas, notre cabinet vous permet de r\u00e9gler en plusieurs fois selon des \u00e9chelonnements de paiement inscrits dans la convention d\u2019honoraires.<span class=\"Apple-converted-space\">\u00a0<\/span><\/h3>\n<p>&nbsp;<\/p>\n<p><img loading=\"lazy\" class=\"aligncenter wp-image-339 size-full\" src=\"https:\/\/dev.adrienpignet.com\/avocat\/wp-content\/uploads\/2021\/01\/cabinet-divorce-separation-prix.jpg\" alt=\"Prix cabinet divorce separation\" width=\"724\" height=\"483\" srcset=\"https:\/\/dev.adrienpignet.com\/avocat\/wp-content\/uploads\/2021\/01\/cabinet-divorce-separation-prix.jpg 724w, https:\/\/dev.adrienpignet.com\/avocat\/wp-content\/uploads\/2021\/01\/cabinet-divorce-separation-prix-300x200.jpg 300w\" sizes=\"(max-width: 724px) 100vw, 724px\" \/><\/p>\n","protected":false},"excerpt":{"rendered":"<p>Lorem ipsum dolor sit amet En conformit\u00e9 avec les r\u00e8gles d\u00e9ontologiques de la profession d\u2019Avocat, les honoraires sont clairement \u00e9voqu\u00e9s, estim\u00e9s et fix\u00e9s d\u00e8s le premier rendez-vous en accord avec le client. Une convention d\u2019honoraires est syst\u00e9matiquement \u00e9tablie entre le Cabinet et le client. Il existe 3 types d\u2019honoraires : Les honoraires forfaitaires : Lorsque [&hellip;]<\/p>\n","protected":false},"author":1,"featured_media":0,"parent":0,"menu_order":0,"comment_status":"closed","ping_status":"closed","template":"page-honoraires.php","meta":[],"_links":{"self":[{"href":"https:\/\/dev.adrienpignet.com\/avocat\/wp-json\/wp\/v2\/pages\/213"}],"collection":[{"href":"https:\/\/dev.adrienpignet.com\/avocat\/wp-json\/wp\/v2\/pages"}],"about":[{"href":"https:\/\/dev.adrienpignet.com\/avocat\/wp-json\/wp\/v2\/types\/page"}],"author":[{"embeddable":true,"href":"https:\/\/dev.adrienpignet.com\/avocat\/wp-json\/wp\/v2\/users\/1"}],"replies":[{"embeddable":true,"href":"https:\/\/dev.adrienpignet.com\/avocat\/wp-json\/wp\/v2\/comments?post=213"}],"version-history":[{"count":4,"href":"https:\/\/dev.adrienpignet.com\/avocat\/wp-json\/wp\/v2\/pages\/213\/revisions"}],"predecessor-version":[{"id":375,"href":"https:\/\/dev.adrienpignet.com\/avocat\/wp-json\/wp\/v2\/pages\/213\/revisions\/375"}],"wp:attachment":[{"href":"https:\/\/dev.adrienpignet.com\/avocat\/wp-json\/wp\/v2\/media?parent=213"}],"curies":[{"name":"wp","href":"https:\/\/api.w.org\/{rel}","templated":true}]}}