{"id":169,"date":"2021-01-08T14:08:00","date_gmt":"2021-01-08T13:08:00","guid":{"rendered":"https:\/\/dev.adrienpignet.com\/avocat\/?page_id=169"},"modified":"2021-01-13T15:41:15","modified_gmt":"2021-01-13T14:41:15","slug":"la-separation-de-corps","status":"publish","type":"page","link":"https:\/\/dev.adrienpignet.com\/avocat\/la-separation-de-corps\/","title":{"rendered":"La s\u00e9paration de corps"},"content":{"rendered":"<h2 class=\"p1\">Qu\u2019est-ce que c\u2019est ?<\/h2>\n<p class=\"p1\">La s\u00e9paration de corps s\u2019adresse aux \u00e9poux qui veulent rester mari\u00e9s mais ne souhaitent plus vivre ensemble.<span class=\"Apple-converted-space\">\u00a0<\/span><\/p>\n<p class=\"p1\">La s\u00e9paration de corps peut soit, \u00eatre prononc\u00e9e par un juge, soit constat\u00e9e par une convention sous signature priv\u00e9e contresign\u00e9e par avocat.<span class=\"Apple-converted-space\">\u00a0<\/span><\/p>\n<p class=\"p1\">La proc\u00e9dure est la m\u00eame, le fondement de la demande est \u00e9galement le m\u00eame que pour une proc\u00e9dure de divorce.<\/p>\n<p class=\"p1\">La s\u00e9paration de corps est une proc\u00e9dure qui permet aux \u00e9poux de se s\u00e9parer l\u00e9galement et de pr\u00e9voir les cons\u00e9quences de leur s\u00e9paration, tout comme le divorce.<\/p>\n<p class=\"p1\">Les deux proc\u00e9dures sont similaires, le temps consacr\u00e9 \u00e0 la proc\u00e9dure est \u00e9galement le m\u00eame, le co\u00fbt est identique, il n&rsquo;y a donc aucun avantage en termes techniques \u00e0 se s\u00e9parer de corps ou \u00e0 divorcer mais attention les effets de la s\u00e9paration de corps sont bien diff\u00e9rents de ceux d\u2019un divorce.<span class=\"Apple-converted-space\">\u00a0<\/span><\/p>\n<p><img loading=\"lazy\" class=\"aligncenter wp-image-337 size-full\" src=\"https:\/\/dev.adrienpignet.com\/avocat\/wp-content\/uploads\/2021\/01\/separation-de-corps-cabinet.jpg\" alt=\"Separation de corps cabinet divorce\" width=\"724\" height=\"483\" srcset=\"https:\/\/dev.adrienpignet.com\/avocat\/wp-content\/uploads\/2021\/01\/separation-de-corps-cabinet.jpg 724w, https:\/\/dev.adrienpignet.com\/avocat\/wp-content\/uploads\/2021\/01\/separation-de-corps-cabinet-300x200.jpg 300w\" sizes=\"(max-width: 724px) 100vw, 724px\" \/><\/p>\n<p>&nbsp;<\/p>\n<p class=\"p1\"><i>Lorem ipsum dolor sit amet, consectetur adipiscing eliturabitur sit amet purus eget mi maximus porta<\/i><\/p>\n<h2 class=\"p1\">Les effets<\/h2>\n<p class=\"p1\">La s\u00e9paration de corps ne rompt pas les liens du mariage mais entraine plusieurs effets :<span class=\"Apple-converted-space\">\u00a0<\/span><\/p>\n<h3 class=\"p1\"><span class=\"s1\">La s\u00e9paration de biens<span class=\"Apple-converted-space\">\u00a0<\/span><\/span><\/h3>\n<p class=\"p1\">La s\u00e9paration de corps entraine automatiquement la s\u00e9paration des biens des \u00e9poux.<\/p>\n<p class=\"p1\">D\u00e8s lors Les \u00e9poux mari\u00e9s sous le r\u00e9gime de la communaut\u00e9 devront proc\u00e9der \u00e0 la liquidation de leur r\u00e9gime matrimonial devant un notaire.<span class=\"Apple-converted-space\">\u00a0<\/span><\/p>\n<p class=\"p1\">Une fois la s\u00e9paration de biens prononc\u00e9e, le r\u00e9gime matrimonial des \u00e9poux sera le r\u00e9gime de la s\u00e9paration ; Cela veut dire concr\u00e8tement que si apr\u00e8s le jugement de s\u00e9paration de corps, l&rsquo;un des \u00e9poux ach\u00e8te un bien, ce bien est et reste la propri\u00e9t\u00e9 seulement de l&rsquo;acheteur. L&rsquo;autre \u00e9poux n&rsquo;aura aucun droit sur ce bien. Ce sera un bien propre et non un bien commun.<\/p>\n<h3 class=\"p1\"><span class=\"s1\">La cessation du devoir de cohabitation<\/span><\/h3>\n<p class=\"p1\">Les \u00e9poux restent mari\u00e9s mais cessent de vivre ensemble.<span class=\"Apple-converted-space\">\u00a0<\/span><\/p>\n<h3 class=\"p1\"><span class=\"s1\">Le maintien des obligations li\u00e9es au mariage<span class=\"Apple-converted-space\">\u00a0<\/span><\/span><\/h3>\n<p class=\"p1\">Les autres obligations n\u00e9es du mariage tel que le devoir de fid\u00e9lit\u00e9, de secours et d\u2019assistance subsistent : c\u2019est la diff\u00e9rence notable avec le divorce.<\/p>\n<p class=\"p1\">Les \u00e9poux ne peuvent donc pas se marier ou conclure un PACS.<\/p>\n<p class=\"p1\">Le devoir de secours peut donner lieu au versement d\u2019une pension alimentaire \u00e0 l\u2019\u00e9poux dans le besoin.<\/p>\n<h3 class=\"p1\"><span class=\"s1\">Le maintien des droits de succession<span class=\"Apple-converted-space\">\u00a0<\/span><\/span><\/h3>\n<p class=\"p1\">C\u2019est une cons\u00e9quence importante de la s\u00e9paration de corps : Si l\u2019un des \u00e9poux d\u00e9c\u00e8de, l\u2019\u00e9poux survivant conserve les droits \u00e0 la succession pr\u00e9vus par la loi.<span class=\"Apple-converted-space\">\u00a0<\/span><\/p>\n<p class=\"p1\">Il est possible d\u2019y renoncer en cas de s\u00e9paration de corps par consentement mutuel.<span class=\"Apple-converted-space\">\u00a0<\/span><\/p>\n<p class=\"p1\">C&rsquo;est pourquoi la s\u00e9paration de corps a un int\u00e9r\u00eat certain pour les couples religieux qui ne souhaitent pas divorcer, pour des raisons id\u00e9ologiques pures. Ou encore pour des raisons purement pratiques, pour les couples \u00e2g\u00e9s qui ne veulent pas priver l&rsquo;autre de la succession.<span class=\"Apple-converted-space\">\u00a0<\/span><\/p>\n<p class=\"p1\">La s\u00e9paration de corps permet donc concr\u00e8tement aux \u00e9poux de ne plus vivre ensemble de ne plus avoir de biens en commun, mais ils restent li\u00e9s par le mariage et par certaines cons\u00e9quences attach\u00e9es intrins\u00e8quement \u00e0 ce dernier : fid\u00e9lit\u00e9, secours, assistance et&#8230; h\u00e9ritage&#8230;<span class=\"Apple-converted-space\">\u00a0<\/span><\/p>\n<h2 class=\"p1\">Les cas de fin de la s\u00e9paration de corps<\/h2>\n<h3 class=\"p1\"><span class=\"s1\">Si les \u00e9poux reprennent une vie commune<span class=\"Apple-converted-space\">\u00a0<\/span><\/span><\/h3>\n<p class=\"p1\">Dans ce cas, le r\u00e9gime de la s\u00e9paration de bien sera maintenue sauf si le couple choisit un autre r\u00e9gime matrimonial.<span class=\"Apple-converted-space\">\u00a0<\/span><\/p>\n<p class=\"p1\">La reprise de la vie commune doit \u00eatre constat\u00e9e par un notaire.<\/p>\n<h3 class=\"p1\"><span class=\"s1\">Si les \u00e9poux divorcent<span class=\"Apple-converted-space\">\u00a0<\/span><\/span><\/h3>\n<p class=\"p1\">Les \u00e9poux peuvent demander le divorce \u00e0 tout moment<\/p>\n<h3 class=\"p1\"><span class=\"s1\">Si l\u2019un des \u00e9poux d\u00e9c\u00e8de<\/span><\/h3>\n","protected":false},"excerpt":{"rendered":"<p>Qu\u2019est-ce que c\u2019est ? La s\u00e9paration de corps s\u2019adresse aux \u00e9poux qui veulent rester mari\u00e9s mais ne souhaitent plus vivre ensemble.\u00a0 La s\u00e9paration de corps peut soit, \u00eatre prononc\u00e9e par un juge, soit constat\u00e9e par une convention sous signature priv\u00e9e contresign\u00e9e par avocat.\u00a0 La proc\u00e9dure est la m\u00eame, le fondement de la demande est \u00e9galement [&hellip;]<\/p>\n","protected":false},"author":1,"featured_media":0,"parent":0,"menu_order":0,"comment_status":"closed","ping_status":"closed","template":"page-divorce.php","meta":[],"_links":{"self":[{"href":"https:\/\/dev.adrienpignet.com\/avocat\/wp-json\/wp\/v2\/pages\/169"}],"collection":[{"href":"https:\/\/dev.adrienpignet.com\/avocat\/wp-json\/wp\/v2\/pages"}],"about":[{"href":"https:\/\/dev.adrienpignet.com\/avocat\/wp-json\/wp\/v2\/types\/page"}],"author":[{"embeddable":true,"href":"https:\/\/dev.adrienpignet.com\/avocat\/wp-json\/wp\/v2\/users\/1"}],"replies":[{"embeddable":true,"href":"https:\/\/dev.adrienpignet.com\/avocat\/wp-json\/wp\/v2\/comments?post=169"}],"version-history":[{"count":5,"href":"https:\/\/dev.adrienpignet.com\/avocat\/wp-json\/wp\/v2\/pages\/169\/revisions"}],"predecessor-version":[{"id":360,"href":"https:\/\/dev.adrienpignet.com\/avocat\/wp-json\/wp\/v2\/pages\/169\/revisions\/360"}],"wp:attachment":[{"href":"https:\/\/dev.adrienpignet.com\/avocat\/wp-json\/wp\/v2\/media?parent=169"}],"curies":[{"name":"wp","href":"https:\/\/api.w.org\/{rel}","templated":true}]}}