{"id":146,"date":"2021-01-08T09:27:41","date_gmt":"2021-01-08T08:27:41","guid":{"rendered":"http:\/\/dev.adrienpignet.com\/avocat\/?page_id=146"},"modified":"2021-01-14T16:01:28","modified_gmt":"2021-01-14T15:01:28","slug":"le-divorce-amiable","status":"publish","type":"page","link":"https:\/\/dev.adrienpignet.com\/avocat\/le-divorce-amiable\/","title":{"rendered":"Le divorce amiable"},"content":{"rendered":"<h2 class=\"p1\">Qu\u2019est ce qu\u2019un divorce par consentement mutuel ?<\/h2>\n<p class=\"p1\">Le divorce \u00e0 l\u2019amiable souvent appel\u00e9 le \u00ab divorce sans juge \u00bb s\u2019adresse aux couples qui sont d\u2019accords pour divorcer et s\u2019entendent sur toutes les cons\u00e9quences de leur s\u00e9paration (leur domicile, la r\u00e9sidence des enfants, la ou les pensions alimentaires, l\u2019\u00e9ventuelle prestation compensatoire, les meubles ou biens immobiliers, comptes bancaires..etc)<\/p>\n<p class=\"p1\">Il n\u2019est donc pas n\u00e9cessaire de passer devant un juge mais chacun des \u00e9poux doit obligatoirement \u00eatre assist\u00e9 de son propre avocat. Toute la proc\u00e9dure se d\u00e9roule entre les \u00e9poux et leurs avocats respectifs.<span class=\"Apple-converted-space\">\u00a0<\/span><\/p>\n<p class=\"p1\">Une convention de divorce sera r\u00e9dig\u00e9e par les avocats en tenant compte des int\u00e9r\u00eats des \u00e9poux et r\u00e8glera les effets du divorce entre eux mais \u00e9galement concernant les enfants pour ensuite \u00eatre enregistr\u00e9e chez un notaire.<span class=\"Apple-converted-space\">\u00a0<\/span><\/p>\n<p><img loading=\"lazy\" class=\"aligncenter wp-image-337 size-full\" src=\"https:\/\/dev.adrienpignet.com\/avocat\/wp-content\/uploads\/2021\/01\/separation-de-corps-cabinet.jpg\" alt=\"Separation de corps cabinet divorce\" width=\"724\" height=\"483\" srcset=\"https:\/\/dev.adrienpignet.com\/avocat\/wp-content\/uploads\/2021\/01\/separation-de-corps-cabinet.jpg 724w, https:\/\/dev.adrienpignet.com\/avocat\/wp-content\/uploads\/2021\/01\/separation-de-corps-cabinet-300x200.jpg 300w\" sizes=\"(max-width: 724px) 100vw, 724px\" \/><\/p>\n<p>&nbsp;<\/p>\n<p class=\"p1\"><i>Lorem ipsum dolor sit amet, consectetur adipiscing eliturabitur sit amet purus eget mi maximus porta<\/i><\/p>\n<h2 class=\"p1\">Quelles sont les \u00e9tapes d\u2019un divorce \u00e0 l\u2019amiable ?<\/h2>\n<p class=\"p1\">Le divorce \u00e0 l\u2019amiable souvent appel\u00e9 le \u00ab divorce sans juge \u00bb s\u2019adresse aux couples qui sont d\u2019accords pour divorcer et s\u2019entendent sur toutes les cons\u00e9quences de leur s\u00e9paration (leur domicile, la r\u00e9sidence des enfants, la ou les pensions alimentaires, l\u2019\u00e9ventuelle prestation compensatoire, les meubles ou biens immobiliers, comptes bancaires..etc)<\/p>\n<p class=\"p1\">Il n\u2019est donc pas n\u00e9cessaire de passer devant un juge mais chacun des \u00e9poux doit obligatoirement \u00eatre assist\u00e9 de son propre avocat. Toute la proc\u00e9dure se d\u00e9roule entre les \u00e9poux et leurs avocats respectifs.<span class=\"Apple-converted-space\">\u00a0<\/span><\/p>\n<p class=\"p1\">Une convention de divorce sera r\u00e9dig\u00e9e par les avocats en tenant compte des int\u00e9r\u00eats des \u00e9poux et r\u00e8glera les effets du divorce entre eux mais \u00e9galement concernant les enfants pour ensuite \u00eatre enregistr\u00e9e chez un notaire.<span class=\"Apple-converted-space\">\u00a0<\/span><\/p>\n<p><img loading=\"lazy\" class=\"wp-image-342 alignnone\" src=\"https:\/\/dev.adrienpignet.com\/avocat\/wp-content\/uploads\/2021\/01\/divorce-amiable-01-300x200.jpg\" alt=\"Divorce amiable cabinet separation \" width=\"199\" height=\"133\" srcset=\"https:\/\/dev.adrienpignet.com\/avocat\/wp-content\/uploads\/2021\/01\/divorce-amiable-01-300x200.jpg 300w, https:\/\/dev.adrienpignet.com\/avocat\/wp-content\/uploads\/2021\/01\/divorce-amiable-01.jpg 724w\" sizes=\"(max-width: 199px) 100vw, 199px\" \/><img loading=\"lazy\" class=\"alignnone wp-image-341\" src=\"https:\/\/dev.adrienpignet.com\/avocat\/wp-content\/uploads\/2021\/01\/divorce-amiable-02-300x200.jpg\" alt=\"Divorce amiable cabinet separation \" width=\"199\" height=\"133\" srcset=\"https:\/\/dev.adrienpignet.com\/avocat\/wp-content\/uploads\/2021\/01\/divorce-amiable-02-300x200.jpg 300w, https:\/\/dev.adrienpignet.com\/avocat\/wp-content\/uploads\/2021\/01\/divorce-amiable-02.jpg 724w\" sizes=\"(max-width: 199px) 100vw, 199px\" \/><img loading=\"lazy\" class=\"alignnone wp-image-321\" src=\"https:\/\/dev.adrienpignet.com\/avocat\/wp-content\/uploads\/2021\/01\/particularite-cabinet-lacondemine-300x200.jpg\" alt=\"Particularit\u00e9 cabinet Lacondemine\" width=\"199\" height=\"133\" srcset=\"https:\/\/dev.adrienpignet.com\/avocat\/wp-content\/uploads\/2021\/01\/particularite-cabinet-lacondemine-300x200.jpg 300w, https:\/\/dev.adrienpignet.com\/avocat\/wp-content\/uploads\/2021\/01\/particularite-cabinet-lacondemine.jpg 724w\" sizes=\"(max-width: 199px) 100vw, 199px\" \/><\/p>\n<ol>\n<li>\n<h3 class=\"p1\">La premi\u00e8re \u00e9tape est tr\u00e8s importante<\/h3>\n<p class=\"p1\">Il s\u2019agit du premier rendez-vous avec votre avocat lors duquel vous d\u00e9crivez votre situation tant d\u2019un point de vue mat\u00e9riel que personnel\/\u00e9motionnel.<\/p>\n<p class=\"p1\">L\u2019avocat vous donne une premi\u00e8re analyse juridique et pratique de votre dossier en tenant compte des particularit\u00e9s de votre dossier ; il vous expliquera quels sont vos droits et vous proposera une strat\u00e9gie de divorce en fonction de vos attentes.<\/p>\n<\/li>\n<li>\n<h3>La deuxi\u00e8me \u00e9tape est lorem ipsum<\/h3>\n<p class=\"p1\">Elle consiste en divers \u00e9changes de proposition amiable de r\u00e8glement du divorce avec l\u2019avocat de votre \u00e9poux(se) afin de faire valoir vos droits et vos demandes tout en pr\u00e9servant vos int\u00e9r\u00eats et ceux de vos enfants.<\/p>\n<p class=\"p1\">C\u2019est lors de cette \u00e9tape que seront notamment trait\u00e9es\/analys\u00e9es les questions relatives aux cons\u00e9quences patrimoniales, \u00e0 la fixation de la pension alimentaire et les modalit\u00e9s de garde de vos enfants, le cas \u00e9ch\u00e9ant la fixation d\u2019une prestation compensatoire.<\/p>\n<p class=\"p1\">Au fur et \u00e0 mesure des \u00e9changes et n\u00e9gociations, un accord va \u00e9merger et les avocats r\u00e9digeront un projet de convention de divorce r\u00e9glant toutes les cons\u00e9quences de votre s\u00e9paration ; ce projet de convention est soumis \u00e0 chacun des \u00e9poux pour validation.<\/p>\n<p class=\"p1\">Une fois la convention de divorce accept\u00e9e dans son ensemble par les \u00e9poux, elle vous sera adress\u00e9e en courrier recommand\u00e9 avec accus\u00e9 de r\u00e9ception afin de faire partir le d\u00e9lai de r\u00e9flexion obligatoire de 15 jours avant de fixer le rendez-vous de signature de la convention d\u00e9finitive de divorce lors duquel les deux \u00e9poux ainsi que leurs avocats seront obligatoirement pr\u00e9sents.<span class=\"Apple-converted-space\">\u00a0<\/span><\/p>\n<\/li>\n<li>\n<h3 class=\"p1\"><span class=\"s1\">La derni\u00e8re \u00e9tape est lorem ipsum<\/span><\/h3>\n<p class=\"p1\">Elle consiste en l\u2019envoi de la convention de divorce sign\u00e9e, par les \u00e9poux et les avocats, au notaire de votre choix qui proc\u00e8dera au d\u00e9p\u00f4t de celle-ci au rang de ses minutes, qui donnera alors force ex\u00e9cutoire \u00e0 votre convention. Vous serez officiellement divorc\u00e9s \u00e0 la date de ce d\u00e9p\u00f4t.<span class=\"Apple-converted-space\">\u00a0<\/span><\/p>\n<\/li>\n<\/ol>\n","protected":false},"excerpt":{"rendered":"<p>Qu\u2019est ce qu\u2019un divorce par consentement mutuel ? Le divorce \u00e0 l\u2019amiable souvent appel\u00e9 le \u00ab divorce sans juge \u00bb s\u2019adresse aux couples qui sont d\u2019accords pour divorcer et s\u2019entendent sur toutes les cons\u00e9quences de leur s\u00e9paration (leur domicile, la r\u00e9sidence des enfants, la ou les pensions alimentaires, l\u2019\u00e9ventuelle prestation compensatoire, les meubles ou biens [&hellip;]<\/p>\n","protected":false},"author":1,"featured_media":0,"parent":0,"menu_order":0,"comment_status":"closed","ping_status":"closed","template":"page-divorce.php","meta":[],"_links":{"self":[{"href":"https:\/\/dev.adrienpignet.com\/avocat\/wp-json\/wp\/v2\/pages\/146"}],"collection":[{"href":"https:\/\/dev.adrienpignet.com\/avocat\/wp-json\/wp\/v2\/pages"}],"about":[{"href":"https:\/\/dev.adrienpignet.com\/avocat\/wp-json\/wp\/v2\/types\/page"}],"author":[{"embeddable":true,"href":"https:\/\/dev.adrienpignet.com\/avocat\/wp-json\/wp\/v2\/users\/1"}],"replies":[{"embeddable":true,"href":"https:\/\/dev.adrienpignet.com\/avocat\/wp-json\/wp\/v2\/comments?post=146"}],"version-history":[{"count":11,"href":"https:\/\/dev.adrienpignet.com\/avocat\/wp-json\/wp\/v2\/pages\/146\/revisions"}],"predecessor-version":[{"id":413,"href":"https:\/\/dev.adrienpignet.com\/avocat\/wp-json\/wp\/v2\/pages\/146\/revisions\/413"}],"wp:attachment":[{"href":"https:\/\/dev.adrienpignet.com\/avocat\/wp-json\/wp\/v2\/media?parent=146"}],"curies":[{"name":"wp","href":"https:\/\/api.w.org\/{rel}","templated":true}]}}